{"id":20491,"date":"2025-12-31T15:03:36","date_gmt":"2025-12-31T12:03:36","guid":{"rendered":"https:\/\/ceoparts.com\/?post_type=product&#038;p=20491"},"modified":"2026-05-17T22:47:02","modified_gmt":"2026-05-17T19:47:02","slug":"bt-yuruyus-motor-komuru-164206","status":"publish","type":"product","link":"https:\/\/ceoparts.com\/fr\/urun\/bt-yuruyus-motor-komuru-164206\/","title":{"rendered":"Balai carbone moteur de traction BT &#8211; 164206"},"content":{"rendered":"<p>Balai carbone moteur de traction BT &#8211; 164206<\/p>","protected":false},"excerpt":{"rendered":"<p data-start=\"2359\" data-end=\"2656\">Le <strong data-start=\"2362\" data-end=\"2413\">balai carbone de moteur de traction BT \u2013 164206<\/strong> est con\u00e7u pour garantir une transmission \u00e9lectrique fiable et continue dans les moteurs de traction des chariots \u00e9l\u00e9vateurs BT. Sa structure r\u00e9sistante \u00e0 l\u2019usure contribue \u00e0 pr\u00e9server les performances du moteur et \u00e0 prolonger sa dur\u00e9e de vie.<\/p>\n<p data-start=\"2658\" data-end=\"2680\"><strong data-start=\"2658\" data-end=\"2680\">Caract\u00e9ristiques :<\/strong><\/p>\n<ul data-start=\"2681\" data-end=\"2970\">\n<li data-start=\"2681\" data-end=\"2746\">\n<p data-start=\"2683\" data-end=\"2746\">Nom du produit : Balai carbone moteur de traction BT \u2013 164206<\/p>\n<\/li>\n<li data-start=\"2747\" data-end=\"2769\">\n<p data-start=\"2749\" data-end=\"2769\">R\u00e9f\u00e9rence : 164206<\/p>\n<\/li>\n<li data-start=\"2770\" data-end=\"2811\">\n<p data-start=\"2772\" data-end=\"2811\">Mat\u00e9riau : Carbone haute conductivit\u00e9<\/p>\n<\/li>\n<li data-start=\"2812\" data-end=\"2886\">\n<p data-start=\"2814\" data-end=\"2886\">Domaine d\u2019utilisation : Moteurs de traction des chariots \u00e9l\u00e9vateurs BT<\/p>\n<\/li>\n<li data-start=\"2887\" data-end=\"2970\">\n<p data-start=\"2889\" data-end=\"2970\">Avantages : Contact \u00e9lectrique stable, longue dur\u00e9e de vie, installation facile<\/p>\n<\/li>\n<\/ul>\n","protected":false},"featured_media":20493,"template":"","meta":[],"product_brand":[],"product_cat":[470,251,518],"product_tag":[],"class_list":{"0":"post-20491","1":"product","2":"type-product","3":"status-publish","4":"has-post-thumbnail","6":"product_cat-diger-yedek-parcalar","7":"product_cat-bt","8":"product_cat-yedek-parca-bt","10":"first","11":"instock","12":"taxable","13":"shipping-taxable","14":"purchasable","15":"product-type-simple"},"_links":{"self":[{"href":"https:\/\/ceoparts.com\/fr\/wp-json\/wp\/v2\/product\/20491","targetHints":{"allow":["GET"]}}],"collection":[{"href":"https:\/\/ceoparts.com\/fr\/wp-json\/wp\/v2\/product"}],"about":[{"href":"https:\/\/ceoparts.com\/fr\/wp-json\/wp\/v2\/types\/product"}],"wp:featuredmedia":[{"embeddable":true,"href":"https:\/\/ceoparts.com\/fr\/wp-json\/wp\/v2\/media\/20493"}],"wp:attachment":[{"href":"https:\/\/ceoparts.com\/fr\/wp-json\/wp\/v2\/media?parent=20491"}],"wp:term":[{"taxonomy":"product_brand","embeddable":true,"href":"https:\/\/ceoparts.com\/fr\/wp-json\/wp\/v2\/product_brand?post=20491"},{"taxonomy":"product_cat","embeddable":true,"href":"https:\/\/ceoparts.com\/fr\/wp-json\/wp\/v2\/product_cat?post=20491"},{"taxonomy":"product_tag","embeddable":true,"href":"https:\/\/ceoparts.com\/fr\/wp-json\/wp\/v2\/product_tag?post=20491"}],"curies":[{"name":"wp","href":"https:\/\/api.w.org\/{rel}","templated":true}]}}