{"id":20869,"date":"2026-01-21T15:34:37","date_gmt":"2026-01-21T12:34:37","guid":{"rendered":"https:\/\/ceoparts.com\/?post_type=product&#038;p=20869"},"modified":"2026-05-02T21:28:20","modified_gmt":"2026-05-02T18:28:20","slug":"70x60-20-poliuretan-transpalet-yuk-tekerlegi","status":"publish","type":"product","link":"https:\/\/ceoparts.com\/fr\/urun\/70x60-20-poliuretan-transpalet-yuk-tekerlegi\/","title":{"rendered":"70&#215;60-20 Roue de transpalette en polyur\u00e9thane"},"content":{"rendered":"<p>70&#215;60-20 Roue de transpalette en polyur\u00e9thane<\/p>\n<p>70&#215;60-20 Roue de transpalette en polyur\u00e9thane<\/p>\n<p><\/p>","protected":false},"excerpt":{"rendered":"<p data-start=\"2770\" data-end=\"3181\">La roue de charge 70&#215;60-20 Demir\u00fcst\u00fc en polyur\u00e9thane est con\u00e7ue pour le transport s\u00fbr de charges lourdes sur les chariots \u00e9l\u00e9vateurs et les machines industrielles. Son rev\u00eatement en polyur\u00e9thane de haute qualit\u00e9 assure une longue dur\u00e9e de vie et conserve sa r\u00e9sistance m\u00eame dans des conditions de travail difficiles. Une solution fiable pour am\u00e9liorer l\u2019efficacit\u00e9 dans les applications industrielles.<\/p>\n<p data-start=\"3183\" data-end=\"3512\"><strong data-start=\"3183\" data-end=\"3203\">Caract\u00e9ristiques<\/strong><br data-start=\"3203\" data-end=\"3206\" \/><strong data-start=\"3206\" data-end=\"3225\">Nom du produit:<\/strong> 70&#215;60-20 Demir\u00fcst\u00fc Roue de charge en polyur\u00e9thane<br data-start=\"3275\" data-end=\"3278\" \/><strong data-start=\"3278\" data-end=\"3293\">Code pi\u00e8ce:<\/strong> Non sp\u00e9cifi\u00e9<br data-start=\"3306\" data-end=\"3309\" \/><strong data-start=\"3309\" data-end=\"3322\">Mat\u00e9riau:<\/strong> Rev\u00eatement en polyur\u00e9thane, moyeu en fer<br data-start=\"3363\" data-end=\"3366\" \/><strong data-start=\"3366\" data-end=\"3382\">Application:<\/strong> Chariots \u00e9l\u00e9vateurs et machines industrielles<br data-start=\"3428\" data-end=\"3431\" \/><strong data-start=\"3431\" data-end=\"3444\">Avantage:<\/strong> Grande capacit\u00e9 de charge, longue dur\u00e9e de vie, structure robuste<\/p>\n","protected":false},"featured_media":20861,"template":"","meta":[],"product_brand":[],"product_cat":[540,539],"product_tag":[],"class_list":{"0":"post-20869","1":"product","2":"type-product","3":"status-publish","4":"has-post-thumbnail","6":"product_cat-poliuretan-transpalet-tekeri","7":"product_cat-transpalet-tekeri","9":"first","10":"instock","11":"taxable","12":"shipping-taxable","13":"purchasable","14":"product-type-simple"},"_links":{"self":[{"href":"https:\/\/ceoparts.com\/fr\/wp-json\/wp\/v2\/product\/20869","targetHints":{"allow":["GET"]}}],"collection":[{"href":"https:\/\/ceoparts.com\/fr\/wp-json\/wp\/v2\/product"}],"about":[{"href":"https:\/\/ceoparts.com\/fr\/wp-json\/wp\/v2\/types\/product"}],"wp:featuredmedia":[{"embeddable":true,"href":"https:\/\/ceoparts.com\/fr\/wp-json\/wp\/v2\/media\/20861"}],"wp:attachment":[{"href":"https:\/\/ceoparts.com\/fr\/wp-json\/wp\/v2\/media?parent=20869"}],"wp:term":[{"taxonomy":"product_brand","embeddable":true,"href":"https:\/\/ceoparts.com\/fr\/wp-json\/wp\/v2\/product_brand?post=20869"},{"taxonomy":"product_cat","embeddable":true,"href":"https:\/\/ceoparts.com\/fr\/wp-json\/wp\/v2\/product_cat?post=20869"},{"taxonomy":"product_tag","embeddable":true,"href":"https:\/\/ceoparts.com\/fr\/wp-json\/wp\/v2\/product_tag?post=20869"}],"curies":[{"name":"wp","href":"https:\/\/api.w.org\/{rel}","templated":true}]}}