{"id":21012,"date":"2026-02-16T14:25:13","date_gmt":"2026-02-16T11:25:13","guid":{"rendered":"https:\/\/ceoparts.com\/?post_type=product&#038;p=21012"},"modified":"2026-04-08T17:12:54","modified_gmt":"2026-04-08T14:12:54","slug":"380x192-rader-vogel-yuk-tekeri-51334553","status":"publish","type":"product","link":"https:\/\/ceoparts.com\/fr\/urun\/380x192-rader-vogel-yuk-tekeri-51334553\/","title":{"rendered":"380&#215;192 Rader Vogel Roue De Charge &#8211; 51334553"},"content":{"rendered":"<p>380&#215;192 Rader Vogel Roue De Charge &#8211; 51334553<\/p>","protected":false},"excerpt":{"rendered":"<p data-start=\"958\" data-end=\"1144\">Cette roue de charge en polyur\u00e9thane de dimensions 380\u00d7192 est con\u00e7ue pour une utilisation intensive sur les chariots \u00e0 m\u00e2t r\u00e9tractable Jungheinrich et les chariots pour all\u00e9es \u00e9troites.<\/p>\n<p data-start=\"1146\" data-end=\"1424\">Gr\u00e2ce \u00e0 sa capacit\u00e9 de charge \u00e9lev\u00e9e et \u00e0 sa large surface de roulement, elle garantit une stabilit\u00e9 maximale sous charges lourdes. Son moyeu en acier avec roulements int\u00e9gr\u00e9s assure une longue dur\u00e9e de vie, un fonctionnement silencieux et sans marquage sur les sols d\u2019entrep\u00f4t.<\/p>\n<p data-start=\"1426\" data-end=\"1547\">Elle permet une r\u00e9partition \u00e9quilibr\u00e9e de la charge et am\u00e9liore les performances des machines \u00e0 grande hauteur de levage.<\/p>\n<p data-start=\"1549\" data-end=\"1586\"><strong data-start=\"1549\" data-end=\"1586\">S\u00e9ries Jungheinrich compatibles :<\/strong><\/p>\n<ul data-start=\"1588\" data-end=\"1716\">\n<li data-start=\"1588\" data-end=\"1655\">\n<p data-start=\"1590\" data-end=\"1655\">S\u00e9rie ETV Reach Truck (214 \/ 216 \/ 318 \/ 320 \/ 325 \/ 327 \/ 330)<\/p>\n<\/li>\n<li data-start=\"1656\" data-end=\"1685\">\n<p data-start=\"1658\" data-end=\"1685\">S\u00e9rie EKX all\u00e9es \u00e9troites<\/p>\n<\/li>\n<li data-start=\"1686\" data-end=\"1716\">\n<p data-start=\"1688\" data-end=\"1716\">Chariots d\u2019entrep\u00f4t lourds<\/p>\n<\/li>\n<\/ul>\n","protected":false},"featured_media":21015,"template":"","meta":[],"product_brand":[],"product_cat":[194],"product_tag":[],"class_list":{"0":"post-21012","1":"product","2":"type-product","3":"status-publish","4":"has-post-thumbnail","6":"product_cat-yuk-tekeri","8":"first","9":"instock","10":"taxable","11":"shipping-taxable","12":"purchasable","13":"product-type-simple"},"_links":{"self":[{"href":"https:\/\/ceoparts.com\/fr\/wp-json\/wp\/v2\/product\/21012","targetHints":{"allow":["GET"]}}],"collection":[{"href":"https:\/\/ceoparts.com\/fr\/wp-json\/wp\/v2\/product"}],"about":[{"href":"https:\/\/ceoparts.com\/fr\/wp-json\/wp\/v2\/types\/product"}],"wp:featuredmedia":[{"embeddable":true,"href":"https:\/\/ceoparts.com\/fr\/wp-json\/wp\/v2\/media\/21015"}],"wp:attachment":[{"href":"https:\/\/ceoparts.com\/fr\/wp-json\/wp\/v2\/media?parent=21012"}],"wp:term":[{"taxonomy":"product_brand","embeddable":true,"href":"https:\/\/ceoparts.com\/fr\/wp-json\/wp\/v2\/product_brand?post=21012"},{"taxonomy":"product_cat","embeddable":true,"href":"https:\/\/ceoparts.com\/fr\/wp-json\/wp\/v2\/product_cat?post=21012"},{"taxonomy":"product_tag","embeddable":true,"href":"https:\/\/ceoparts.com\/fr\/wp-json\/wp\/v2\/product_tag?post=21012"}],"curies":[{"name":"wp","href":"https:\/\/api.w.org\/{rel}","templated":true}]}}