{"id":21100,"date":"2026-03-02T16:23:05","date_gmt":"2026-03-02T13:23:05","guid":{"rendered":"https:\/\/ceoparts.com\/?post_type=product&#038;p=21100"},"modified":"2026-05-02T19:46:42","modified_gmt":"2026-05-02T16:46:42","slug":"valfli-disi-hizli-baglanti-jaki-kaplin-10mm","status":"publish","type":"product","link":"https:\/\/ceoparts.com\/fr\/urun\/valfli-disi-hizli-baglanti-jaki-kaplin-10mm\/","title":{"rendered":"Raccord Rapide Femelle Avec Valve &#8211; 10Mm"},"content":{"rendered":"<p>Raccord Rapide Femelle Avec Valve &#8211; 10Mm<\/p>","protected":false},"excerpt":{"rendered":"<p data-start=\"1812\" data-end=\"2039\">Le raccord femelle est con\u00e7u pour \u00eatre compatible avec les syst\u00e8mes de remplissage d\u2019eau Aquamatik et les syst\u00e8mes de remplissage de batteries Aquamatic. Il est g\u00e9n\u00e9ralement utilis\u00e9 du c\u00f4t\u00e9 du raccordement au r\u00e9servoir d\u2019eau.<\/p>\n<p data-start=\"2041\" data-end=\"2128\">Convient pour les connexions de tuyaux d\u2019eau de 6 mm ou 10 mm.<br data-start=\"2103\" data-end=\"2106\" \/>Fabriqu\u00e9 par Fr\u00f6tek.<\/p>\n<p data-start=\"2130\" data-end=\"2266\">Il est recommand\u00e9 de v\u00e9rifier la compatibilit\u00e9 avec votre \u00e9quipement avant de commander. Une assistance peut \u00eatre fournie si n\u00e9cessaire.<\/p>\n","protected":false},"featured_media":21102,"template":"","meta":[],"product_brand":[],"product_cat":[443,442],"product_tag":[],"class_list":{"0":"post-21100","1":"product","2":"type-product","3":"status-publish","4":"has-post-thumbnail","6":"product_cat-aku-parcalari","7":"product_cat-aku-yedek-parcalari","9":"first","10":"instock","11":"taxable","12":"shipping-taxable","13":"purchasable","14":"product-type-simple"},"_links":{"self":[{"href":"https:\/\/ceoparts.com\/fr\/wp-json\/wp\/v2\/product\/21100","targetHints":{"allow":["GET"]}}],"collection":[{"href":"https:\/\/ceoparts.com\/fr\/wp-json\/wp\/v2\/product"}],"about":[{"href":"https:\/\/ceoparts.com\/fr\/wp-json\/wp\/v2\/types\/product"}],"wp:featuredmedia":[{"embeddable":true,"href":"https:\/\/ceoparts.com\/fr\/wp-json\/wp\/v2\/media\/21102"}],"wp:attachment":[{"href":"https:\/\/ceoparts.com\/fr\/wp-json\/wp\/v2\/media?parent=21100"}],"wp:term":[{"taxonomy":"product_brand","embeddable":true,"href":"https:\/\/ceoparts.com\/fr\/wp-json\/wp\/v2\/product_brand?post=21100"},{"taxonomy":"product_cat","embeddable":true,"href":"https:\/\/ceoparts.com\/fr\/wp-json\/wp\/v2\/product_cat?post=21100"},{"taxonomy":"product_tag","embeddable":true,"href":"https:\/\/ceoparts.com\/fr\/wp-json\/wp\/v2\/product_tag?post=21100"}],"curies":[{"name":"wp","href":"https:\/\/api.w.org\/{rel}","templated":true}]}}