{"id":21114,"date":"2026-03-14T11:30:09","date_gmt":"2026-03-14T08:30:09","guid":{"rendered":"https:\/\/ceoparts.com\/?post_type=product&#038;p=21114"},"modified":"2026-05-02T19:22:16","modified_gmt":"2026-05-02T16:22:16","slug":"jungheinrich-baglanti-parcasi-link-51255885","status":"publish","type":"product","link":"https:\/\/ceoparts.com\/fr\/urun\/jungheinrich-baglanti-parcasi-link-51255885\/","title":{"rendered":"Jungheinrich Pi\u00e8ce De Connexion \/ Link &#8211; 51255885"},"content":{"rendered":"<p>Jungheinrich Pi\u00e8ce De Connexion \/ Link &#8211; 51255885<\/p>","protected":false},"excerpt":{"rendered":"<p data-start=\"2345\" data-end=\"2829\">La <strong data-start=\"2348\" data-end=\"2386\">pi\u00e8ce de connexion (link) 51255885<\/strong>, utilis\u00e9e dans les gerbeurs et transpalettes Jungheinrich, est un composant essentiel assurant la transmission du mouvement entre les syst\u00e8mes m\u00e9caniques. Gr\u00e2ce \u00e0 sa structure m\u00e9tallique robuste, elle offre des performances fiables et durables dans les op\u00e9rations intensives d\u2019entrep\u00f4t et de logistique. Elle contribue au fonctionnement \u00e9quilibr\u00e9 et stable des pi\u00e8ces mobiles de la machine, am\u00e9liorant ainsi l\u2019efficacit\u00e9 globale du syst\u00e8me.<\/p>\n<p data-start=\"2831\" data-end=\"2997\">Pour garantir la compatibilit\u00e9 et une utilisation correcte, il est recommand\u00e9 de v\u00e9rifier le num\u00e9ro de pi\u00e8ce avec le mod\u00e8le de votre machine avant de passer commande.<\/p>\n","protected":false},"featured_media":21115,"template":"","meta":[],"product_brand":[],"product_cat":[441,470,522],"product_tag":[],"class_list":{"0":"post-21114","1":"product","2":"type-product","3":"status-publish","4":"has-post-thumbnail","6":"product_cat-yedek-parca","7":"product_cat-diger-yedek-parcalar","8":"product_cat-yedek-parca-jungheinrich","10":"first","11":"instock","12":"taxable","13":"shipping-taxable","14":"purchasable","15":"product-type-simple"},"_links":{"self":[{"href":"https:\/\/ceoparts.com\/fr\/wp-json\/wp\/v2\/product\/21114","targetHints":{"allow":["GET"]}}],"collection":[{"href":"https:\/\/ceoparts.com\/fr\/wp-json\/wp\/v2\/product"}],"about":[{"href":"https:\/\/ceoparts.com\/fr\/wp-json\/wp\/v2\/types\/product"}],"wp:featuredmedia":[{"embeddable":true,"href":"https:\/\/ceoparts.com\/fr\/wp-json\/wp\/v2\/media\/21115"}],"wp:attachment":[{"href":"https:\/\/ceoparts.com\/fr\/wp-json\/wp\/v2\/media?parent=21114"}],"wp:term":[{"taxonomy":"product_brand","embeddable":true,"href":"https:\/\/ceoparts.com\/fr\/wp-json\/wp\/v2\/product_brand?post=21114"},{"taxonomy":"product_cat","embeddable":true,"href":"https:\/\/ceoparts.com\/fr\/wp-json\/wp\/v2\/product_cat?post=21114"},{"taxonomy":"product_tag","embeddable":true,"href":"https:\/\/ceoparts.com\/fr\/wp-json\/wp\/v2\/product_tag?post=21114"}],"curies":[{"name":"wp","href":"https:\/\/api.w.org\/{rel}","templated":true}]}}