{"id":21133,"date":"2026-03-31T17:47:14","date_gmt":"2026-03-31T14:47:14","guid":{"rendered":"https:\/\/ceoparts.com\/?post_type=product&#038;p=21133"},"modified":"2026-05-16T09:34:29","modified_gmt":"2026-05-16T06:34:29","slug":"cat-gobek-rulmani-nsp12n2","status":"publish","type":"product","link":"https:\/\/ceoparts.com\/fr\/urun\/cat-gobek-rulmani-nsp12n2\/","title":{"rendered":"Cat Nsp12n2 Roulement De Moyeu"},"content":{"rendered":"<p>Cat Nsp12n2 Roulement De Moyeu<\/p>\n<p>Cat Nsp12n2 Roulement De Moyeu<\/p>\n<p><\/p>","protected":false},"excerpt":{"rendered":"<p>Le <strong data-start=\"2265\" data-end=\"2295\">roulement de moyeu NSP12N2<\/strong>, utilis\u00e9 dans les chariots \u00e9l\u00e9vateurs CAT et les \u00e9quipements de manutention, assure une rotation stable et fluide du syst\u00e8me de roue. Il garantit un fonctionnement s\u00fbr sous charge et contribue \u00e0 l\u2019efficacit\u00e9 des composants m\u00e9caniques de la machine. Sa construction robuste offre une longue dur\u00e9e de vie dans les environnements logistiques exigeants. Il est recommand\u00e9 de v\u00e9rifier la compatibilit\u00e9 du num\u00e9ro de pi\u00e8ce avec le mod\u00e8le de votre machine avant de commander.<\/p>\n","protected":false},"featured_media":21139,"template":"","meta":[],"product_brand":[],"product_cat":[459],"product_tag":[],"class_list":{"0":"post-21133","1":"product","2":"type-product","3":"status-publish","4":"has-post-thumbnail","6":"product_cat-gobek-rulmanlar","8":"first","9":"instock","10":"taxable","11":"shipping-taxable","12":"purchasable","13":"product-type-simple"},"_links":{"self":[{"href":"https:\/\/ceoparts.com\/fr\/wp-json\/wp\/v2\/product\/21133","targetHints":{"allow":["GET"]}}],"collection":[{"href":"https:\/\/ceoparts.com\/fr\/wp-json\/wp\/v2\/product"}],"about":[{"href":"https:\/\/ceoparts.com\/fr\/wp-json\/wp\/v2\/types\/product"}],"wp:featuredmedia":[{"embeddable":true,"href":"https:\/\/ceoparts.com\/fr\/wp-json\/wp\/v2\/media\/21139"}],"wp:attachment":[{"href":"https:\/\/ceoparts.com\/fr\/wp-json\/wp\/v2\/media?parent=21133"}],"wp:term":[{"taxonomy":"product_brand","embeddable":true,"href":"https:\/\/ceoparts.com\/fr\/wp-json\/wp\/v2\/product_brand?post=21133"},{"taxonomy":"product_cat","embeddable":true,"href":"https:\/\/ceoparts.com\/fr\/wp-json\/wp\/v2\/product_cat?post=21133"},{"taxonomy":"product_tag","embeddable":true,"href":"https:\/\/ceoparts.com\/fr\/wp-json\/wp\/v2\/product_tag?post=21133"}],"curies":[{"name":"wp","href":"https:\/\/api.w.org\/{rel}","templated":true}]}}