{"id":21140,"date":"2026-04-01T12:03:58","date_gmt":"2026-04-01T09:03:58","guid":{"rendered":"https:\/\/ceoparts.com\/?post_type=product&#038;p=21140"},"modified":"2026-05-16T20:20:45","modified_gmt":"2026-05-16T17:20:45","slug":"still-kapak-0721564-10464078","status":"publish","type":"product","link":"https:\/\/ceoparts.com\/fr\/urun\/still-kapak-0721564-10464078\/","title":{"rendered":"Still Couvercle &#8211; 0721564, 10464078"},"content":{"rendered":"<p>Still Couvercle &#8211; 0721564, 10464078<\/p>\n<p>Still Couvercle &#8211; 0721564, 10464078<\/p>\n<p><\/p>","protected":false},"excerpt":{"rendered":"<p>Le <strong data-start=\"2256\" data-end=\"2294\">couvercle Still 0721564 \/ 10464078<\/strong> est une pi\u00e8ce de protection utilis\u00e9e dans les chariots \u00e9l\u00e9vateurs, gerbeurs et transpalettes Still. Il prot\u00e8ge les composants m\u00e9caniques et \u00e9lectriques internes contre la poussi\u00e8re, les chocs et les facteurs externes, garantissant ainsi un fonctionnement s\u00fbr et efficace de la machine. Sa structure robuste assure une longue dur\u00e9e de vie dans les environnements logistiques intensifs. Il est recommand\u00e9 de v\u00e9rifier la compatibilit\u00e9 du num\u00e9ro de pi\u00e8ce avec le mod\u00e8le de votre machine avant de commander.<\/p>\n","protected":false},"featured_media":21144,"template":"","meta":[],"product_brand":[],"product_cat":[472,524],"product_tag":[],"class_list":{"0":"post-21140","1":"product","2":"type-product","3":"status-publish","4":"has-post-thumbnail","6":"product_cat-kaporta-aksami","7":"product_cat-yedek-parca-still","9":"first","10":"instock","11":"taxable","12":"shipping-taxable","13":"purchasable","14":"product-type-simple"},"_links":{"self":[{"href":"https:\/\/ceoparts.com\/fr\/wp-json\/wp\/v2\/product\/21140","targetHints":{"allow":["GET"]}}],"collection":[{"href":"https:\/\/ceoparts.com\/fr\/wp-json\/wp\/v2\/product"}],"about":[{"href":"https:\/\/ceoparts.com\/fr\/wp-json\/wp\/v2\/types\/product"}],"wp:featuredmedia":[{"embeddable":true,"href":"https:\/\/ceoparts.com\/fr\/wp-json\/wp\/v2\/media\/21144"}],"wp:attachment":[{"href":"https:\/\/ceoparts.com\/fr\/wp-json\/wp\/v2\/media?parent=21140"}],"wp:term":[{"taxonomy":"product_brand","embeddable":true,"href":"https:\/\/ceoparts.com\/fr\/wp-json\/wp\/v2\/product_brand?post=21140"},{"taxonomy":"product_cat","embeddable":true,"href":"https:\/\/ceoparts.com\/fr\/wp-json\/wp\/v2\/product_cat?post=21140"},{"taxonomy":"product_tag","embeddable":true,"href":"https:\/\/ceoparts.com\/fr\/wp-json\/wp\/v2\/product_tag?post=21140"}],"curies":[{"name":"wp","href":"https:\/\/api.w.org\/{rel}","templated":true}]}}