{"id":21145,"date":"2026-04-01T12:13:12","date_gmt":"2026-04-01T09:13:12","guid":{"rendered":"https:\/\/ceoparts.com\/?post_type=product&#038;p=21145"},"modified":"2026-05-16T21:01:26","modified_gmt":"2026-05-16T18:01:26","slug":"jungheinrich-etv-kapak-51170538","status":"publish","type":"product","link":"https:\/\/ceoparts.com\/fr\/urun\/jungheinrich-etv-kapak-51170538\/","title":{"rendered":"Jungheinrich &#8211; Etv Couvercle &#8211; 51170538"},"content":{"rendered":"<p>Jungheinrich &#8211; Etv Couvercle &#8211; 51170538<\/p>\n<p>Jungheinrich &#8211; Etv Couvercle &#8211; 51170538<\/p>\n<p><\/p>","protected":false},"excerpt":{"rendered":"<p>Le <strong data-start=\"2220\" data-end=\"2259\">couvercle Jungheinrich ETV 51170538<\/strong> est une pi\u00e8ce de protection utilis\u00e9e dans les chariots \u00e0 m\u00e2t r\u00e9tractable Jungheinrich (s\u00e9rie ETV). Il prot\u00e8ge les composants m\u00e9caniques et \u00e9lectriques internes contre la poussi\u00e8re, les chocs et les facteurs externes, garantissant un fonctionnement s\u00fbr et efficace de la machine. Sa structure robuste assure une longue dur\u00e9e de vie dans les environnements logistiques intensifs. Il est recommand\u00e9 de v\u00e9rifier la compatibilit\u00e9 du num\u00e9ro de pi\u00e8ce avec le mod\u00e8le de votre machine avant de commander.<\/p>\n","protected":false},"featured_media":21149,"template":"","meta":[],"product_brand":[],"product_cat":[472,522],"product_tag":[],"class_list":{"0":"post-21145","1":"product","2":"type-product","3":"status-publish","4":"has-post-thumbnail","6":"product_cat-kaporta-aksami","7":"product_cat-yedek-parca-jungheinrich","9":"first","10":"instock","11":"taxable","12":"shipping-taxable","13":"purchasable","14":"product-type-simple"},"_links":{"self":[{"href":"https:\/\/ceoparts.com\/fr\/wp-json\/wp\/v2\/product\/21145","targetHints":{"allow":["GET"]}}],"collection":[{"href":"https:\/\/ceoparts.com\/fr\/wp-json\/wp\/v2\/product"}],"about":[{"href":"https:\/\/ceoparts.com\/fr\/wp-json\/wp\/v2\/types\/product"}],"wp:featuredmedia":[{"embeddable":true,"href":"https:\/\/ceoparts.com\/fr\/wp-json\/wp\/v2\/media\/21149"}],"wp:attachment":[{"href":"https:\/\/ceoparts.com\/fr\/wp-json\/wp\/v2\/media?parent=21145"}],"wp:term":[{"taxonomy":"product_brand","embeddable":true,"href":"https:\/\/ceoparts.com\/fr\/wp-json\/wp\/v2\/product_brand?post=21145"},{"taxonomy":"product_cat","embeddable":true,"href":"https:\/\/ceoparts.com\/fr\/wp-json\/wp\/v2\/product_cat?post=21145"},{"taxonomy":"product_tag","embeddable":true,"href":"https:\/\/ceoparts.com\/fr\/wp-json\/wp\/v2\/product_tag?post=21145"}],"curies":[{"name":"wp","href":"https:\/\/api.w.org\/{rel}","templated":true}]}}