{"id":21150,"date":"2026-04-01T13:27:03","date_gmt":"2026-04-01T10:27:03","guid":{"rendered":"https:\/\/ceoparts.com\/?post_type=product&#038;p=21150"},"modified":"2026-05-16T19:59:13","modified_gmt":"2026-05-16T16:59:13","slug":"jungheinrich-ekran-51977726","status":"publish","type":"product","link":"https:\/\/ceoparts.com\/fr\/urun\/jungheinrich-ekran-51977726\/","title":{"rendered":"Jungheinrich \u00c9cran &#8211; 51977726"},"content":{"rendered":"<p>Jungheinrich \u00c9cran &#8211; 51977726<\/p>\n<p>Jungheinrich \u00c9cran &#8211; 51977726<\/p>\n<p><\/p>","protected":false},"excerpt":{"rendered":"<p>L\u2019<strong data-start=\"2049\" data-end=\"2080\">\u00e9cran Jungheinrich 51977726<\/strong> est un \u00e9cran d\u2019affichage et de contr\u00f4le utilis\u00e9 dans les chariots \u00e9l\u00e9vateurs et les \u00e9quipements de manutention Jungheinrich. Il transmet \u00e0 l\u2019op\u00e9rateur des informations importantes telles que l\u2019\u00e9tat de la machine, les avertissements et les messages du syst\u00e8me. Gr\u00e2ce \u00e0 son affichage clair et \u00e0 sa fiabilit\u00e9, il contribue \u00e0 une utilisation s\u00fbre et efficace de la machine. Il est recommand\u00e9 de v\u00e9rifier la compatibilit\u00e9 du num\u00e9ro de pi\u00e8ce avec le mod\u00e8le de votre machine avant de commander.<\/p>\n","protected":false},"featured_media":21152,"template":"","meta":[],"product_brand":[],"product_cat":[431,522],"product_tag":[],"class_list":{"0":"post-21150","1":"product","2":"type-product","3":"status-publish","4":"has-post-thumbnail","6":"product_cat-ekranlar-ve-kartlar","7":"product_cat-yedek-parca-jungheinrich","9":"first","10":"instock","11":"taxable","12":"shipping-taxable","13":"purchasable","14":"product-type-simple"},"_links":{"self":[{"href":"https:\/\/ceoparts.com\/fr\/wp-json\/wp\/v2\/product\/21150","targetHints":{"allow":["GET"]}}],"collection":[{"href":"https:\/\/ceoparts.com\/fr\/wp-json\/wp\/v2\/product"}],"about":[{"href":"https:\/\/ceoparts.com\/fr\/wp-json\/wp\/v2\/types\/product"}],"wp:featuredmedia":[{"embeddable":true,"href":"https:\/\/ceoparts.com\/fr\/wp-json\/wp\/v2\/media\/21152"}],"wp:attachment":[{"href":"https:\/\/ceoparts.com\/fr\/wp-json\/wp\/v2\/media?parent=21150"}],"wp:term":[{"taxonomy":"product_brand","embeddable":true,"href":"https:\/\/ceoparts.com\/fr\/wp-json\/wp\/v2\/product_brand?post=21150"},{"taxonomy":"product_cat","embeddable":true,"href":"https:\/\/ceoparts.com\/fr\/wp-json\/wp\/v2\/product_cat?post=21150"},{"taxonomy":"product_tag","embeddable":true,"href":"https:\/\/ceoparts.com\/fr\/wp-json\/wp\/v2\/product_tag?post=21150"}],"curies":[{"name":"wp","href":"https:\/\/api.w.org\/{rel}","templated":true}]}}