{"id":21159,"date":"2026-04-01T14:06:17","date_gmt":"2026-04-01T11:06:17","guid":{"rendered":"https:\/\/ceoparts.com\/?post_type=product&#038;p=21159"},"modified":"2026-05-16T21:01:52","modified_gmt":"2026-05-16T18:01:52","slug":"linde-still-sikma-klipsi-0009553690","status":"publish","type":"product","link":"https:\/\/ceoparts.com\/fr\/urun\/linde-still-sikma-klipsi-0009553690\/","title":{"rendered":"Linde \/ Still Clip De Serrage &#8211; 0009553690"},"content":{"rendered":"<p>Linde \/ Still Clip De Serrage &#8211; 0009553690<\/p>","protected":false},"excerpt":{"rendered":"<p>Le <strong data-start=\"2795\" data-end=\"2839\">clip de serrage Linde \/ Still 0009553690<\/strong> est un \u00e9l\u00e9ment de fixation utilis\u00e9 dans les chariots \u00e9l\u00e9vateurs et les \u00e9quipements de manutention pour maintenir les c\u00e2bles, tuyaux ou conduites hydrauliques en place. Sa conception robuste emp\u00eache le d\u00e9placement des composants sous l\u2019effet des vibrations pendant le fonctionnement. Il contribue ainsi \u00e0 un fonctionnement s\u00fbr et fiable de la machine.<\/p>\n","protected":false},"featured_media":21160,"template":"","meta":[],"product_brand":[],"product_cat":[470,246,523,524],"product_tag":[],"class_list":{"0":"post-21159","1":"product","2":"type-product","3":"status-publish","4":"has-post-thumbnail","6":"product_cat-diger-yedek-parcalar","7":"product_cat-linde","8":"product_cat-yedek-parca-linde","9":"product_cat-yedek-parca-still","11":"first","12":"instock","13":"taxable","14":"shipping-taxable","15":"purchasable","16":"product-type-simple"},"_links":{"self":[{"href":"https:\/\/ceoparts.com\/fr\/wp-json\/wp\/v2\/product\/21159","targetHints":{"allow":["GET"]}}],"collection":[{"href":"https:\/\/ceoparts.com\/fr\/wp-json\/wp\/v2\/product"}],"about":[{"href":"https:\/\/ceoparts.com\/fr\/wp-json\/wp\/v2\/types\/product"}],"wp:featuredmedia":[{"embeddable":true,"href":"https:\/\/ceoparts.com\/fr\/wp-json\/wp\/v2\/media\/21160"}],"wp:attachment":[{"href":"https:\/\/ceoparts.com\/fr\/wp-json\/wp\/v2\/media?parent=21159"}],"wp:term":[{"taxonomy":"product_brand","embeddable":true,"href":"https:\/\/ceoparts.com\/fr\/wp-json\/wp\/v2\/product_brand?post=21159"},{"taxonomy":"product_cat","embeddable":true,"href":"https:\/\/ceoparts.com\/fr\/wp-json\/wp\/v2\/product_cat?post=21159"},{"taxonomy":"product_tag","embeddable":true,"href":"https:\/\/ceoparts.com\/fr\/wp-json\/wp\/v2\/product_tag?post=21159"}],"curies":[{"name":"wp","href":"https:\/\/api.w.org\/{rel}","templated":true}]}}