{"id":21162,"date":"2026-04-01T14:22:29","date_gmt":"2026-04-01T11:22:29","guid":{"rendered":"https:\/\/ceoparts.com\/?post_type=product&#038;p=21162"},"modified":"2026-05-16T20:15:46","modified_gmt":"2026-05-16T17:15:46","slug":"51-ayna-sideshift-1100mm","status":"publish","type":"product","link":"https:\/\/ceoparts.com\/fr\/urun\/51-ayna-sideshift-1100mm\/","title":{"rendered":"Miroir 51 Sideshift 1100 mm"},"content":{"rendered":"<p>Miroir 51 Sideshift 1100 mm<\/p>","protected":false},"excerpt":{"rendered":"<p data-start=\"2624\" data-end=\"2935\">Le <strong data-start=\"2627\" data-end=\"2659\">Side Shift 51 miroir 1100 mm<\/strong> est un accessoire pour chariot \u00e9l\u00e9vateur permettant le d\u00e9placement lat\u00e9ral hydraulique des fourches. Il permet \u00e0 l\u2019op\u00e9rateur de positionner les charges avec pr\u00e9cision sans d\u00e9placer le chariot entier, am\u00e9liorant ainsi l\u2019efficacit\u00e9 et la s\u00e9curit\u00e9 des op\u00e9rations de manutention.<\/p>\n<p data-start=\"2937\" data-end=\"3167\"><strong data-start=\"2937\" data-end=\"2966\">Informations techniques :<\/strong><br data-start=\"2966\" data-end=\"2969\" \/>Nom du produit : Side Shift 51 miroir<br data-start=\"3006\" data-end=\"3009\" \/>Largeur : 1100 mm<br data-start=\"3026\" data-end=\"3029\" \/>Application : accessoire de d\u00e9placement lat\u00e9ral pour chariot \u00e9l\u00e9vateur<br data-start=\"3099\" data-end=\"3102\" \/>Avantage : positionnement pr\u00e9cis des charges et efficacit\u00e9 accrue<\/p>\n","protected":false},"featured_media":16336,"template":"","meta":[],"product_brand":[],"product_cat":[470],"product_tag":[],"class_list":{"0":"post-21162","1":"product","2":"type-product","3":"status-publish","4":"has-post-thumbnail","6":"product_cat-diger-yedek-parcalar","8":"first","9":"instock","10":"taxable","11":"shipping-taxable","12":"purchasable","13":"product-type-simple"},"_links":{"self":[{"href":"https:\/\/ceoparts.com\/fr\/wp-json\/wp\/v2\/product\/21162","targetHints":{"allow":["GET"]}}],"collection":[{"href":"https:\/\/ceoparts.com\/fr\/wp-json\/wp\/v2\/product"}],"about":[{"href":"https:\/\/ceoparts.com\/fr\/wp-json\/wp\/v2\/types\/product"}],"wp:featuredmedia":[{"embeddable":true,"href":"https:\/\/ceoparts.com\/fr\/wp-json\/wp\/v2\/media\/16336"}],"wp:attachment":[{"href":"https:\/\/ceoparts.com\/fr\/wp-json\/wp\/v2\/media?parent=21162"}],"wp:term":[{"taxonomy":"product_brand","embeddable":true,"href":"https:\/\/ceoparts.com\/fr\/wp-json\/wp\/v2\/product_brand?post=21162"},{"taxonomy":"product_cat","embeddable":true,"href":"https:\/\/ceoparts.com\/fr\/wp-json\/wp\/v2\/product_cat?post=21162"},{"taxonomy":"product_tag","embeddable":true,"href":"https:\/\/ceoparts.com\/fr\/wp-json\/wp\/v2\/product_tag?post=21162"}],"curies":[{"name":"wp","href":"https:\/\/api.w.org\/{rel}","templated":true}]}}