{"id":21163,"date":"2026-04-01T16:07:33","date_gmt":"2026-04-01T13:07:33","guid":{"rendered":"https:\/\/ceoparts.com\/?post_type=product&#038;p=21163"},"modified":"2026-05-16T21:47:03","modified_gmt":"2026-05-16T18:47:03","slug":"linde-devir-sensoru-7917415847","status":"publish","type":"product","link":"https:\/\/ceoparts.com\/fr\/urun\/linde-devir-sensoru-7917415847\/","title":{"rendered":"Linde Capteur De Vitesse &#8211; 7917415847"},"content":{"rendered":"<p>Linde Capteur De Vitesse &#8211; 7917415847<\/p>","protected":false},"excerpt":{"rendered":"<p data-start=\"2675\" data-end=\"3131\">Le <strong data-start=\"2678\" data-end=\"2717\">capteur de vitesse Linde 7917415847<\/strong> est un composant \u00e9lectronique utilis\u00e9 dans le syst\u00e8me de commande et de traction des chariots \u00e9l\u00e9vateurs. Il mesure la vitesse de rotation ou de d\u00e9placement et transmet ces donn\u00e9es \u00e0 l\u2019unit\u00e9 de contr\u00f4le afin d\u2019assurer un fonctionnement stable et pr\u00e9cis de la machine. Sa conception robuste garantit une utilisation fiable dans les environnements logistiques et industriels.<\/p>\n<p data-start=\"3133\" data-end=\"3257\"><strong data-start=\"3133\" data-end=\"3158\">Mod\u00e8les compatibles :<\/strong><br data-start=\"3158\" data-end=\"3161\" \/>Linde 7917415847<br data-start=\"3177\" data-end=\"3180\" \/>E16C \/ E20P<br data-start=\"3191\" data-end=\"3194\" \/>s\u00e9ries 1275 \/ 387 \/ 388<\/p>\n","protected":false},"featured_media":21166,"template":"","meta":[],"product_brand":[],"product_cat":[469,523],"product_tag":[],"class_list":{"0":"post-21163","1":"product","2":"type-product","3":"status-publish","4":"has-post-thumbnail","6":"product_cat-elektrik-ve-sistem-parcalari","7":"product_cat-yedek-parca-linde","9":"first","10":"instock","11":"taxable","12":"shipping-taxable","13":"purchasable","14":"product-type-simple"},"_links":{"self":[{"href":"https:\/\/ceoparts.com\/fr\/wp-json\/wp\/v2\/product\/21163","targetHints":{"allow":["GET"]}}],"collection":[{"href":"https:\/\/ceoparts.com\/fr\/wp-json\/wp\/v2\/product"}],"about":[{"href":"https:\/\/ceoparts.com\/fr\/wp-json\/wp\/v2\/types\/product"}],"wp:featuredmedia":[{"embeddable":true,"href":"https:\/\/ceoparts.com\/fr\/wp-json\/wp\/v2\/media\/21166"}],"wp:attachment":[{"href":"https:\/\/ceoparts.com\/fr\/wp-json\/wp\/v2\/media?parent=21163"}],"wp:term":[{"taxonomy":"product_brand","embeddable":true,"href":"https:\/\/ceoparts.com\/fr\/wp-json\/wp\/v2\/product_brand?post=21163"},{"taxonomy":"product_cat","embeddable":true,"href":"https:\/\/ceoparts.com\/fr\/wp-json\/wp\/v2\/product_cat?post=21163"},{"taxonomy":"product_tag","embeddable":true,"href":"https:\/\/ceoparts.com\/fr\/wp-json\/wp\/v2\/product_tag?post=21163"}],"curies":[{"name":"wp","href":"https:\/\/api.w.org\/{rel}","templated":true}]}}