{"id":21167,"date":"2026-04-01T17:06:18","date_gmt":"2026-04-01T14:06:18","guid":{"rendered":"https:\/\/ceoparts.com\/?post_type=product&#038;p=21167"},"modified":"2026-05-16T22:19:20","modified_gmt":"2026-05-16T19:19:20","slug":"300x100-40-vulkoprin-vulkollan-yuk-tekeri-144443","status":"publish","type":"product","link":"https:\/\/ceoparts.com\/fr\/urun\/300x100-40-vulkoprin-vulkollan-yuk-tekeri-144443\/","title":{"rendered":"300&#215;100-40 Vulkoprin Vulkollan Roue De Charge"},"content":{"rendered":"<p>300&#215;100-40 Vulkoprin Vulkollan Roue De Charge<\/p>","protected":false},"excerpt":{"rendered":"<p data-start=\"3828\" data-end=\"4147\">La <strong data-start=\"3831\" data-end=\"3880\">roue de charge Vulkoprin Vulkollan 300\u00d7100-40<\/strong> est con\u00e7ue pour les chariots \u00e9l\u00e9vateurs et les \u00e9quipements de manutention industrielle. Le rev\u00eatement Vulkollan offre une excellente r\u00e9sistance \u00e0 l\u2019usure et une absorption efficace des vibrations, garantissant une longue dur\u00e9e de vie dans les op\u00e9rations logistiques.<\/p>\n<p data-start=\"4149\" data-end=\"4423\"><strong data-start=\"4149\" data-end=\"4169\">Caract\u00e9ristiques<\/strong><br data-start=\"4169\" data-end=\"4172\" \/>Nom du produit: Roue de charge Vulkoprin Vulkollan 300\u00d7100-40<br data-start=\"4233\" data-end=\"4236\" \/>Code pi\u00e8ce: 144443<br data-start=\"4254\" data-end=\"4257\" \/>Mat\u00e9riau: rev\u00eatement Vulkoprin Vulkollan, noyau en acier<br data-start=\"4313\" data-end=\"4316\" \/>Application: roue de charge pour chariots \u00e9l\u00e9vateurs<br data-start=\"4368\" data-end=\"4371\" \/>Avantage: haute r\u00e9sistance \u00e0 l\u2019usure et durabilit\u00e9<\/p>\n<p data-start=\"4425\" data-end=\"4585\"><strong data-start=\"4425\" data-end=\"4450\">Mod\u00e8les compatibles :<\/strong><br data-start=\"4450\" data-end=\"4453\" \/>BT 137587 \/ 144443 \u2013 300\u00d7100 sans frein<br data-start=\"4492\" data-end=\"4495\" \/>BT RR Reflex<br data-start=\"4507\" data-end=\"4510\" \/>BT FR 2.0<br data-start=\"4519\" data-end=\"4522\" \/>BT TRT 1000 E<br data-start=\"4535\" data-end=\"4538\" \/>BT Toyota 137587 \/ 144443 \u2013 Stellana PT-NDI-92\u00ae<\/p>\n","protected":false},"featured_media":21172,"template":"","meta":[],"product_brand":[],"product_cat":[428,194],"product_tag":[],"class_list":{"0":"post-21167","1":"product","2":"type-product","3":"status-publish","4":"has-post-thumbnail","6":"product_cat-yuk-tekeri-vulkoprin","7":"product_cat-yuk-tekeri","9":"first","10":"instock","11":"taxable","12":"shipping-taxable","13":"purchasable","14":"product-type-simple"},"_links":{"self":[{"href":"https:\/\/ceoparts.com\/fr\/wp-json\/wp\/v2\/product\/21167","targetHints":{"allow":["GET"]}}],"collection":[{"href":"https:\/\/ceoparts.com\/fr\/wp-json\/wp\/v2\/product"}],"about":[{"href":"https:\/\/ceoparts.com\/fr\/wp-json\/wp\/v2\/types\/product"}],"wp:featuredmedia":[{"embeddable":true,"href":"https:\/\/ceoparts.com\/fr\/wp-json\/wp\/v2\/media\/21172"}],"wp:attachment":[{"href":"https:\/\/ceoparts.com\/fr\/wp-json\/wp\/v2\/media?parent=21167"}],"wp:term":[{"taxonomy":"product_brand","embeddable":true,"href":"https:\/\/ceoparts.com\/fr\/wp-json\/wp\/v2\/product_brand?post=21167"},{"taxonomy":"product_cat","embeddable":true,"href":"https:\/\/ceoparts.com\/fr\/wp-json\/wp\/v2\/product_cat?post=21167"},{"taxonomy":"product_tag","embeddable":true,"href":"https:\/\/ceoparts.com\/fr\/wp-json\/wp\/v2\/product_tag?post=21167"}],"curies":[{"name":"wp","href":"https:\/\/api.w.org\/{rel}","templated":true}]}}