{"id":21192,"date":"2026-04-03T11:20:53","date_gmt":"2026-04-03T08:20:53","guid":{"rendered":"https:\/\/ceoparts.com\/?post_type=product&#038;p=21192"},"modified":"2026-04-04T02:55:57","modified_gmt":"2026-04-03T23:55:57","slug":"linde-l16-on-kaporta-27719264-11734323200","status":"publish","type":"product","link":"https:\/\/ceoparts.com\/fr\/urun\/linde-l16-on-kaporta-27719264-11734323200\/","title":{"rendered":"Linde L16 Capot Avant &#8211; 27719264, 11734323200"},"content":{"rendered":"<p>Linde L16 Capot Avant &#8211; 27719264, 11734323200<\/p>","protected":false},"excerpt":{"rendered":"<p>Le <strong data-start=\"2335\" data-end=\"2385\">capot avant Linde L16 (27719264 \/ 11734323200)<\/strong> est une pi\u00e8ce de protection utilis\u00e9e dans les gerbeurs Linde. Plac\u00e9 \u00e0 l\u2019avant de la machine, il prot\u00e8ge les composants m\u00e9caniques et \u00e9lectriques internes contre la poussi\u00e8re, les chocs et les facteurs externes. Sa construction robuste garantit une longue dur\u00e9e de vie dans les environnements logistiques et industriels.<\/p>\n","protected":false},"featured_media":21197,"template":"","meta":[],"product_brand":[],"product_cat":[523,472],"product_tag":[],"class_list":{"0":"post-21192","1":"product","2":"type-product","3":"status-publish","4":"has-post-thumbnail","6":"product_cat-yedek-parca-linde","7":"product_cat-kaporta-aksami","9":"first","10":"instock","11":"taxable","12":"shipping-taxable","13":"purchasable","14":"product-type-simple"},"_links":{"self":[{"href":"https:\/\/ceoparts.com\/fr\/wp-json\/wp\/v2\/product\/21192","targetHints":{"allow":["GET"]}}],"collection":[{"href":"https:\/\/ceoparts.com\/fr\/wp-json\/wp\/v2\/product"}],"about":[{"href":"https:\/\/ceoparts.com\/fr\/wp-json\/wp\/v2\/types\/product"}],"wp:featuredmedia":[{"embeddable":true,"href":"https:\/\/ceoparts.com\/fr\/wp-json\/wp\/v2\/media\/21197"}],"wp:attachment":[{"href":"https:\/\/ceoparts.com\/fr\/wp-json\/wp\/v2\/media?parent=21192"}],"wp:term":[{"taxonomy":"product_brand","embeddable":true,"href":"https:\/\/ceoparts.com\/fr\/wp-json\/wp\/v2\/product_brand?post=21192"},{"taxonomy":"product_cat","embeddable":true,"href":"https:\/\/ceoparts.com\/fr\/wp-json\/wp\/v2\/product_cat?post=21192"},{"taxonomy":"product_tag","embeddable":true,"href":"https:\/\/ceoparts.com\/fr\/wp-json\/wp\/v2\/product_tag?post=21192"}],"curies":[{"name":"wp","href":"https:\/\/api.w.org\/{rel}","templated":true}]}}