{"id":21198,"date":"2026-04-03T11:37:55","date_gmt":"2026-04-03T08:37:55","guid":{"rendered":"https:\/\/ceoparts.com\/?post_type=product&#038;p=21198"},"modified":"2026-04-04T04:18:01","modified_gmt":"2026-04-04T01:18:01","slug":"jungheinrich-dikiz-aynasi-51192097","status":"publish","type":"product","link":"https:\/\/ceoparts.com\/fr\/urun\/jungheinrich-dikiz-aynasi-51192097\/","title":{"rendered":"Jungheinrich R\u00e9troviseur &#8211; 51192097"},"content":{"rendered":"<p>Jungheinrich R\u00e9troviseur &#8211; 51192097<\/p>","protected":false},"excerpt":{"rendered":"<p>Le <strong data-start=\"2195\" data-end=\"2232\">r\u00e9troviseur Jungheinrich 51192097<\/strong> est un \u00e9quipement de s\u00e9curit\u00e9 utilis\u00e9 sur les chariots \u00e9l\u00e9vateurs et les machines de manutention. Il am\u00e9liore la visibilit\u00e9 arri\u00e8re et lat\u00e9rale de l\u2019op\u00e9rateur, facilitant les man\u0153uvres et renfor\u00e7ant la s\u00e9curit\u00e9 lors de l\u2019utilisation de la machine.<\/p>\n","protected":false},"featured_media":21201,"template":"","meta":[],"product_brand":[],"product_cat":[522,452],"product_tag":[],"class_list":{"0":"post-21198","1":"product","2":"type-product","3":"status-publish","4":"has-post-thumbnail","6":"product_cat-yedek-parca-jungheinrich","7":"product_cat-aynalar","9":"first","10":"instock","11":"taxable","12":"shipping-taxable","13":"purchasable","14":"product-type-simple"},"_links":{"self":[{"href":"https:\/\/ceoparts.com\/fr\/wp-json\/wp\/v2\/product\/21198","targetHints":{"allow":["GET"]}}],"collection":[{"href":"https:\/\/ceoparts.com\/fr\/wp-json\/wp\/v2\/product"}],"about":[{"href":"https:\/\/ceoparts.com\/fr\/wp-json\/wp\/v2\/types\/product"}],"wp:featuredmedia":[{"embeddable":true,"href":"https:\/\/ceoparts.com\/fr\/wp-json\/wp\/v2\/media\/21201"}],"wp:attachment":[{"href":"https:\/\/ceoparts.com\/fr\/wp-json\/wp\/v2\/media?parent=21198"}],"wp:term":[{"taxonomy":"product_brand","embeddable":true,"href":"https:\/\/ceoparts.com\/fr\/wp-json\/wp\/v2\/product_brand?post=21198"},{"taxonomy":"product_cat","embeddable":true,"href":"https:\/\/ceoparts.com\/fr\/wp-json\/wp\/v2\/product_cat?post=21198"},{"taxonomy":"product_tag","embeddable":true,"href":"https:\/\/ceoparts.com\/fr\/wp-json\/wp\/v2\/product_tag?post=21198"}],"curies":[{"name":"wp","href":"https:\/\/api.w.org\/{rel}","templated":true}]}}