{"id":21204,"date":"2026-04-03T11:51:47","date_gmt":"2026-04-03T08:51:47","guid":{"rendered":"https:\/\/ceoparts.com\/?post_type=product&#038;p=21204"},"modified":"2026-04-04T05:51:25","modified_gmt":"2026-04-04T02:51:25","slug":"linde-hortum-sokme-aparati-11803336-0009418025","status":"publish","type":"product","link":"https:\/\/ceoparts.com\/fr\/urun\/linde-hortum-sokme-aparati-11803336-0009418025\/","title":{"rendered":"Linde Outil De D\u00e9montage De Tuyau &#8211; 11803336, 0009418025"},"content":{"rendered":"<p>Linde Outil De D\u00e9montage De Tuyau &#8211; 11803336, 0009418025<\/p>","protected":false},"excerpt":{"rendered":"<p>L\u2019<strong data-start=\"2286\" data-end=\"2348\">outil de d\u00e9montage de flexible Linde 11803336 \/ 0009418025<\/strong> est un outil de service utilis\u00e9 pour retirer en toute s\u00e9curit\u00e9 les flexibles hydrauliques des chariots \u00e9l\u00e9vateurs et \u00e9quipements de manutention. Il facilite les op\u00e9rations de maintenance et de r\u00e9paration en permettant de d\u00e9connecter les flexibles sans endommager les composants environnants.<\/p>\n","protected":false},"featured_media":21206,"template":"","meta":[],"product_brand":[],"product_cat":[523,470],"product_tag":[],"class_list":{"0":"post-21204","1":"product","2":"type-product","3":"status-publish","4":"has-post-thumbnail","6":"product_cat-yedek-parca-linde","7":"product_cat-diger-yedek-parcalar","9":"first","10":"instock","11":"taxable","12":"shipping-taxable","13":"purchasable","14":"product-type-simple"},"_links":{"self":[{"href":"https:\/\/ceoparts.com\/fr\/wp-json\/wp\/v2\/product\/21204","targetHints":{"allow":["GET"]}}],"collection":[{"href":"https:\/\/ceoparts.com\/fr\/wp-json\/wp\/v2\/product"}],"about":[{"href":"https:\/\/ceoparts.com\/fr\/wp-json\/wp\/v2\/types\/product"}],"wp:featuredmedia":[{"embeddable":true,"href":"https:\/\/ceoparts.com\/fr\/wp-json\/wp\/v2\/media\/21206"}],"wp:attachment":[{"href":"https:\/\/ceoparts.com\/fr\/wp-json\/wp\/v2\/media?parent=21204"}],"wp:term":[{"taxonomy":"product_brand","embeddable":true,"href":"https:\/\/ceoparts.com\/fr\/wp-json\/wp\/v2\/product_brand?post=21204"},{"taxonomy":"product_cat","embeddable":true,"href":"https:\/\/ceoparts.com\/fr\/wp-json\/wp\/v2\/product_cat?post=21204"},{"taxonomy":"product_tag","embeddable":true,"href":"https:\/\/ceoparts.com\/fr\/wp-json\/wp\/v2\/product_tag?post=21204"}],"curies":[{"name":"wp","href":"https:\/\/api.w.org\/{rel}","templated":true}]}}