{"id":21209,"date":"2026-04-03T12:07:11","date_gmt":"2026-04-03T09:07:11","guid":{"rendered":"https:\/\/ceoparts.com\/?post_type=product&#038;p=21209"},"modified":"2026-04-04T07:13:36","modified_gmt":"2026-04-04T04:13:36","slug":"still-koruyucu-kapak-51904302100","status":"publish","type":"product","link":"https:\/\/ceoparts.com\/fr\/urun\/still-koruyucu-kapak-51904302100\/","title":{"rendered":"Still Couvercle De Protection &#8211; 51904302100"},"content":{"rendered":"<p>Still Couvercle De Protection &#8211; 51904302100<\/p>","protected":false},"excerpt":{"rendered":"<p>Le <strong data-start=\"1881\" data-end=\"1922\">capot de protection Still 51904302100<\/strong> est une pi\u00e8ce de protection utilis\u00e9e dans les chariots \u00e9l\u00e9vateurs et les \u00e9quipements de manutention Still. Il prot\u00e8ge les composants m\u00e9caniques et \u00e9lectriques internes contre la poussi\u00e8re, les chocs et les facteurs externes, garantissant un fonctionnement s\u00fbr et efficace de la machine.<\/p>\n","protected":false},"featured_media":21212,"template":"","meta":[],"product_brand":[],"product_cat":[524,470],"product_tag":[],"class_list":{"0":"post-21209","1":"product","2":"type-product","3":"status-publish","4":"has-post-thumbnail","6":"product_cat-yedek-parca-still","7":"product_cat-diger-yedek-parcalar","9":"first","10":"instock","11":"taxable","12":"shipping-taxable","13":"purchasable","14":"product-type-simple"},"_links":{"self":[{"href":"https:\/\/ceoparts.com\/fr\/wp-json\/wp\/v2\/product\/21209","targetHints":{"allow":["GET"]}}],"collection":[{"href":"https:\/\/ceoparts.com\/fr\/wp-json\/wp\/v2\/product"}],"about":[{"href":"https:\/\/ceoparts.com\/fr\/wp-json\/wp\/v2\/types\/product"}],"wp:featuredmedia":[{"embeddable":true,"href":"https:\/\/ceoparts.com\/fr\/wp-json\/wp\/v2\/media\/21212"}],"wp:attachment":[{"href":"https:\/\/ceoparts.com\/fr\/wp-json\/wp\/v2\/media?parent=21209"}],"wp:term":[{"taxonomy":"product_brand","embeddable":true,"href":"https:\/\/ceoparts.com\/fr\/wp-json\/wp\/v2\/product_brand?post=21209"},{"taxonomy":"product_cat","embeddable":true,"href":"https:\/\/ceoparts.com\/fr\/wp-json\/wp\/v2\/product_cat?post=21209"},{"taxonomy":"product_tag","embeddable":true,"href":"https:\/\/ceoparts.com\/fr\/wp-json\/wp\/v2\/product_tag?post=21209"}],"curies":[{"name":"wp","href":"https:\/\/api.w.org\/{rel}","templated":true}]}}