{"id":21220,"date":"2026-04-03T13:57:48","date_gmt":"2026-04-03T10:57:48","guid":{"rendered":"https:\/\/ceoparts.com\/?post_type=product&#038;p=21220"},"modified":"2026-04-04T09:59:22","modified_gmt":"2026-04-04T06:59:22","slug":"jungheinrich-eje-ejd-on-kapak-50466670","status":"publish","type":"product","link":"https:\/\/ceoparts.com\/fr\/urun\/jungheinrich-eje-ejd-on-kapak-50466670\/","title":{"rendered":"Jungheinrich EJE\/EJD Couvercle Avant &#8211; 50466670"},"content":{"rendered":"<p>Jungheinrich EJE\/EJD Couvercle Avant &#8211; 50466670<\/p>","protected":false},"excerpt":{"rendered":"<p>Le <strong data-start=\"2186\" data-end=\"2223\">capot avant Jungheinrich 50466670<\/strong> est une pi\u00e8ce de protection utilis\u00e9e dans les transpalettes et gerbeurs Jungheinrich des s\u00e9ries EJE et EJD. Il prot\u00e8ge les composants m\u00e9caniques avant contre la poussi\u00e8re, les chocs et les facteurs externes, garantissant un fonctionnement s\u00fbr et fiable.<\/p>\n","protected":false},"featured_media":21226,"template":"","meta":[],"product_brand":[],"product_cat":[522,472],"product_tag":[],"class_list":{"0":"post-21220","1":"product","2":"type-product","3":"status-publish","4":"has-post-thumbnail","6":"product_cat-yedek-parca-jungheinrich","7":"product_cat-kaporta-aksami","9":"first","10":"instock","11":"taxable","12":"shipping-taxable","13":"purchasable","14":"product-type-simple"},"_links":{"self":[{"href":"https:\/\/ceoparts.com\/fr\/wp-json\/wp\/v2\/product\/21220","targetHints":{"allow":["GET"]}}],"collection":[{"href":"https:\/\/ceoparts.com\/fr\/wp-json\/wp\/v2\/product"}],"about":[{"href":"https:\/\/ceoparts.com\/fr\/wp-json\/wp\/v2\/types\/product"}],"wp:featuredmedia":[{"embeddable":true,"href":"https:\/\/ceoparts.com\/fr\/wp-json\/wp\/v2\/media\/21226"}],"wp:attachment":[{"href":"https:\/\/ceoparts.com\/fr\/wp-json\/wp\/v2\/media?parent=21220"}],"wp:term":[{"taxonomy":"product_brand","embeddable":true,"href":"https:\/\/ceoparts.com\/fr\/wp-json\/wp\/v2\/product_brand?post=21220"},{"taxonomy":"product_cat","embeddable":true,"href":"https:\/\/ceoparts.com\/fr\/wp-json\/wp\/v2\/product_cat?post=21220"},{"taxonomy":"product_tag","embeddable":true,"href":"https:\/\/ceoparts.com\/fr\/wp-json\/wp\/v2\/product_tag?post=21220"}],"curies":[{"name":"wp","href":"https:\/\/api.w.org\/{rel}","templated":true}]}}