{"id":21227,"date":"2026-04-03T14:19:17","date_gmt":"2026-04-03T11:19:17","guid":{"rendered":"https:\/\/ceoparts.com\/?post_type=product&#038;p=21227"},"modified":"2026-04-04T09:04:38","modified_gmt":"2026-04-04T06:04:38","slug":"linde-sol-tutamak-0039310811","status":"publish","type":"product","link":"https:\/\/ceoparts.com\/fr\/urun\/linde-sol-tutamak-0039310811\/","title":{"rendered":"Linde Poign\u00e9e Gauche &#8211; 0039310811"},"content":{"rendered":"<p>Linde Poign\u00e9e Gauche &#8211; 0039310811<\/p>","protected":false},"excerpt":{"rendered":"<p data-start=\"2715\" data-end=\"2921\">La <strong data-start=\"2718\" data-end=\"2753\">poign\u00e9e gauche Linde 0039310811<\/strong> aide l\u2019op\u00e9rateur \u00e0 monter et descendre de la machine en toute s\u00e9curit\u00e9. Sa conception ergonomique offre une prise stable et am\u00e9liore la s\u00e9curit\u00e9 pendant l\u2019utilisation.<\/p>\n<p data-start=\"2923\" data-end=\"2969\"><strong data-start=\"2923\" data-end=\"2948\">Mod\u00e8les compatibles :<\/strong><br data-start=\"2948\" data-end=\"2951\" \/>Linde 0039310811<\/p>\n<p data-start=\"2971\" data-end=\"3159\">1151 \u2013 T16 \/ T16P \/ T20 \/ T20P<br data-start=\"3001\" data-end=\"3004\" \/>1152 \u2013 T16 \/ T18 \/ T20 \/ T16L<br data-start=\"3033\" data-end=\"3036\" \/>1160 \u2013 D06 \/ D08<br data-start=\"3052\" data-end=\"3055\" \/>1169 \u2013 L10 \/ L12 \/ L14C<br data-start=\"3078\" data-end=\"3081\" \/>1169 \u2013 L10P \/ L12P \/ L14P<br data-start=\"3106\" data-end=\"3109\" \/>1172 \u2013 L10 \/ L12 \/ L12i<br data-start=\"3132\" data-end=\"3135\" \/>1173 \u2013 L14 \/ L16 \/ L20<\/p>\n","protected":false},"featured_media":21230,"template":"","meta":[],"product_brand":[],"product_cat":[523,470],"product_tag":[],"class_list":{"0":"post-21227","1":"product","2":"type-product","3":"status-publish","4":"has-post-thumbnail","6":"product_cat-yedek-parca-linde","7":"product_cat-diger-yedek-parcalar","9":"first","10":"instock","11":"taxable","12":"shipping-taxable","13":"purchasable","14":"product-type-simple"},"_links":{"self":[{"href":"https:\/\/ceoparts.com\/fr\/wp-json\/wp\/v2\/product\/21227","targetHints":{"allow":["GET"]}}],"collection":[{"href":"https:\/\/ceoparts.com\/fr\/wp-json\/wp\/v2\/product"}],"about":[{"href":"https:\/\/ceoparts.com\/fr\/wp-json\/wp\/v2\/types\/product"}],"wp:featuredmedia":[{"embeddable":true,"href":"https:\/\/ceoparts.com\/fr\/wp-json\/wp\/v2\/media\/21230"}],"wp:attachment":[{"href":"https:\/\/ceoparts.com\/fr\/wp-json\/wp\/v2\/media?parent=21227"}],"wp:term":[{"taxonomy":"product_brand","embeddable":true,"href":"https:\/\/ceoparts.com\/fr\/wp-json\/wp\/v2\/product_brand?post=21227"},{"taxonomy":"product_cat","embeddable":true,"href":"https:\/\/ceoparts.com\/fr\/wp-json\/wp\/v2\/product_cat?post=21227"},{"taxonomy":"product_tag","embeddable":true,"href":"https:\/\/ceoparts.com\/fr\/wp-json\/wp\/v2\/product_tag?post=21227"}],"curies":[{"name":"wp","href":"https:\/\/api.w.org\/{rel}","templated":true}]}}