{"id":21242,"date":"2026-04-03T15:01:41","date_gmt":"2026-04-03T12:01:41","guid":{"rendered":"https:\/\/ceoparts.com\/?post_type=product&#038;p=21242"},"modified":"2026-04-04T06:26:21","modified_gmt":"2026-04-04T03:26:21","slug":"linde-catal-kilidi-3944408215-50020821","status":"publish","type":"product","link":"https:\/\/ceoparts.com\/fr\/urun\/linde-catal-kilidi-3944408215-50020821\/","title":{"rendered":"Linde Verrou De Fourche &#8211; 3944408215, 50020821"},"content":{"rendered":"<p>Linde Verrou De Fourche &#8211; 3944408215, 50020821<\/p>","protected":false},"excerpt":{"rendered":"<p data-start=\"2490\" data-end=\"2768\">Le <strong data-start=\"2493\" data-end=\"2542\">verrou de fourche Linde 3944408215 \/ 50020821<\/strong> est un \u00e9l\u00e9ment de s\u00e9curit\u00e9 permettant de fixer solidement les fourches au tablier du chariot \u00e9l\u00e9vateur. Il emp\u00eache les fourches de glisser ou de se d\u00e9tacher pendant l\u2019utilisation et garantit une manipulation s\u00fbre des charges.<\/p>\n<p data-start=\"2770\" data-end=\"2829\"><strong data-start=\"2770\" data-end=\"2795\">Mod\u00e8les compatibles :<\/strong><br data-start=\"2795\" data-end=\"2798\" \/>Linde <strong data-start=\"2804\" data-end=\"2829\">3944408215 \/ 50020821<\/strong><\/p>\n<p data-start=\"2831\" data-end=\"2930\">115 \u2013 <strong data-start=\"2837\" data-end=\"2868\">H12 \/ H14 \/ H16 \/ H18 \/ H20<\/strong><br data-start=\"2868\" data-end=\"2871\" \/>116 \u2013 <strong data-start=\"2877\" data-end=\"2896\">H20 \/ H25 \/ H30<\/strong><br data-start=\"2896\" data-end=\"2899\" \/>117 \u2013 <strong data-start=\"2905\" data-end=\"2930\">H35 \/ H40 \/ H45 \/ H50<\/strong><\/p>\n","protected":false},"featured_media":21245,"template":"","meta":[],"product_brand":[],"product_cat":[523,470],"product_tag":[],"class_list":{"0":"post-21242","1":"product","2":"type-product","3":"status-publish","4":"has-post-thumbnail","6":"product_cat-yedek-parca-linde","7":"product_cat-diger-yedek-parcalar","9":"first","10":"instock","11":"taxable","12":"shipping-taxable","13":"purchasable","14":"product-type-simple"},"_links":{"self":[{"href":"https:\/\/ceoparts.com\/fr\/wp-json\/wp\/v2\/product\/21242","targetHints":{"allow":["GET"]}}],"collection":[{"href":"https:\/\/ceoparts.com\/fr\/wp-json\/wp\/v2\/product"}],"about":[{"href":"https:\/\/ceoparts.com\/fr\/wp-json\/wp\/v2\/types\/product"}],"wp:featuredmedia":[{"embeddable":true,"href":"https:\/\/ceoparts.com\/fr\/wp-json\/wp\/v2\/media\/21245"}],"wp:attachment":[{"href":"https:\/\/ceoparts.com\/fr\/wp-json\/wp\/v2\/media?parent=21242"}],"wp:term":[{"taxonomy":"product_brand","embeddable":true,"href":"https:\/\/ceoparts.com\/fr\/wp-json\/wp\/v2\/product_brand?post=21242"},{"taxonomy":"product_cat","embeddable":true,"href":"https:\/\/ceoparts.com\/fr\/wp-json\/wp\/v2\/product_cat?post=21242"},{"taxonomy":"product_tag","embeddable":true,"href":"https:\/\/ceoparts.com\/fr\/wp-json\/wp\/v2\/product_tag?post=21242"}],"curies":[{"name":"wp","href":"https:\/\/api.w.org\/{rel}","templated":true}]}}