{"id":21246,"date":"2026-04-03T15:10:47","date_gmt":"2026-04-03T12:10:47","guid":{"rendered":"https:\/\/ceoparts.com\/?post_type=product&#038;p=21246"},"modified":"2026-04-04T05:00:01","modified_gmt":"2026-04-04T02:00:01","slug":"jungheinrich-elektrikli-kontak-anahtari-s1126584","status":"publish","type":"product","link":"https:\/\/ceoparts.com\/fr\/urun\/jungheinrich-elektrikli-kontak-anahtari-s1126584\/","title":{"rendered":"Jungheinrich Contacteur D&#8217;allumage \u00c9lectrique &#8211; S1126584"},"content":{"rendered":"<p>Jungheinrich Contacteur D&#8217;allumage \u00c9lectrique &#8211; S1126584<\/p>","protected":false},"excerpt":{"rendered":"<p data-start=\"1850\" data-end=\"2155\">Le <strong data-start=\"1853\" data-end=\"1900\">contacteur \u00e9lectrique Jungheinrich S1126584<\/strong> est un composant de commande utilis\u00e9 dans les chariots \u00e9l\u00e9vateurs et les \u00e9quipements de manutention. Il permet d\u2019activer ou de d\u00e9sactiver le syst\u00e8me \u00e9lectrique de la machine et assure un d\u00e9marrage s\u00e9curis\u00e9 tout en emp\u00eachant une utilisation non autoris\u00e9e.<\/p>\n","protected":false},"featured_media":21247,"template":"","meta":[],"product_brand":[],"product_cat":[522,469],"product_tag":[],"class_list":{"0":"post-21246","1":"product","2":"type-product","3":"status-publish","4":"has-post-thumbnail","6":"product_cat-yedek-parca-jungheinrich","7":"product_cat-elektrik-ve-sistem-parcalari","9":"first","10":"instock","11":"taxable","12":"shipping-taxable","13":"purchasable","14":"product-type-simple"},"_links":{"self":[{"href":"https:\/\/ceoparts.com\/fr\/wp-json\/wp\/v2\/product\/21246","targetHints":{"allow":["GET"]}}],"collection":[{"href":"https:\/\/ceoparts.com\/fr\/wp-json\/wp\/v2\/product"}],"about":[{"href":"https:\/\/ceoparts.com\/fr\/wp-json\/wp\/v2\/types\/product"}],"wp:featuredmedia":[{"embeddable":true,"href":"https:\/\/ceoparts.com\/fr\/wp-json\/wp\/v2\/media\/21247"}],"wp:attachment":[{"href":"https:\/\/ceoparts.com\/fr\/wp-json\/wp\/v2\/media?parent=21246"}],"wp:term":[{"taxonomy":"product_brand","embeddable":true,"href":"https:\/\/ceoparts.com\/fr\/wp-json\/wp\/v2\/product_brand?post=21246"},{"taxonomy":"product_cat","embeddable":true,"href":"https:\/\/ceoparts.com\/fr\/wp-json\/wp\/v2\/product_cat?post=21246"},{"taxonomy":"product_tag","embeddable":true,"href":"https:\/\/ceoparts.com\/fr\/wp-json\/wp\/v2\/product_tag?post=21246"}],"curies":[{"name":"wp","href":"https:\/\/api.w.org\/{rel}","templated":true}]}}