{"id":21256,"date":"2026-04-03T15:42:09","date_gmt":"2026-04-03T12:42:09","guid":{"rendered":"https:\/\/ceoparts.com\/?post_type=product&#038;p=21256"},"modified":"2026-04-04T06:25:25","modified_gmt":"2026-04-04T03:25:25","slug":"linde-t16-kol-iskeleti-3095471916","status":"publish","type":"product","link":"https:\/\/ceoparts.com\/fr\/urun\/linde-t16-kol-iskeleti-3095471916\/","title":{"rendered":"Linde T16 Structure De Poign\u00e9e &#8211; 3095471916"},"content":{"rendered":"<p>Linde T16 Structure De Poign\u00e9e &#8211; 3095471916<\/p>","protected":false},"excerpt":{"rendered":"<p data-start=\"2192\" data-end=\"2461\">Le <strong data-start=\"2195\" data-end=\"2232\">ch\u00e2ssis de timon Linde 3095471916<\/strong> est la structure principale du timon utilis\u00e9e sur les transpalettes \u00e9lectriques Linde de la s\u00e9rie T16. Il assure la stabilit\u00e9 du syst\u00e8me de commande et permet un contr\u00f4le s\u00fbr des fonctions de conduite, de direction et de levage.<\/p>\n<p data-start=\"2463\" data-end=\"2511\"><strong data-start=\"2463\" data-end=\"2488\">Mod\u00e8les compatibles :<\/strong><br data-start=\"2488\" data-end=\"2491\" \/>Linde <strong data-start=\"2497\" data-end=\"2511\">3095471916<\/strong><\/p>\n<p data-start=\"2513\" data-end=\"2545\">1152 \u2013 <strong data-start=\"2520\" data-end=\"2545\">T16 \/ T18 \/ T20 \/ T25<\/strong><\/p>\n","protected":false},"featured_media":21257,"template":"","meta":[],"product_brand":[],"product_cat":[523,450],"product_tag":[],"class_list":{"0":"post-21256","1":"product","2":"type-product","3":"status-publish","4":"has-post-thumbnail","6":"product_cat-yedek-parca-linde","7":"product_cat-direksiyon-sistemleri","9":"first","10":"instock","11":"taxable","12":"shipping-taxable","13":"purchasable","14":"product-type-simple"},"_links":{"self":[{"href":"https:\/\/ceoparts.com\/fr\/wp-json\/wp\/v2\/product\/21256","targetHints":{"allow":["GET"]}}],"collection":[{"href":"https:\/\/ceoparts.com\/fr\/wp-json\/wp\/v2\/product"}],"about":[{"href":"https:\/\/ceoparts.com\/fr\/wp-json\/wp\/v2\/types\/product"}],"wp:featuredmedia":[{"embeddable":true,"href":"https:\/\/ceoparts.com\/fr\/wp-json\/wp\/v2\/media\/21257"}],"wp:attachment":[{"href":"https:\/\/ceoparts.com\/fr\/wp-json\/wp\/v2\/media?parent=21256"}],"wp:term":[{"taxonomy":"product_brand","embeddable":true,"href":"https:\/\/ceoparts.com\/fr\/wp-json\/wp\/v2\/product_brand?post=21256"},{"taxonomy":"product_cat","embeddable":true,"href":"https:\/\/ceoparts.com\/fr\/wp-json\/wp\/v2\/product_cat?post=21256"},{"taxonomy":"product_tag","embeddable":true,"href":"https:\/\/ceoparts.com\/fr\/wp-json\/wp\/v2\/product_tag?post=21256"}],"curies":[{"name":"wp","href":"https:\/\/api.w.org\/{rel}","templated":true}]}}