{"id":21474,"date":"2026-04-07T13:11:58","date_gmt":"2026-04-07T10:11:58","guid":{"rendered":"https:\/\/ceoparts.com\/?post_type=product&#038;p=21474"},"modified":"2026-04-08T17:05:16","modified_gmt":"2026-04-08T14:05:16","slug":"140-55-9-nexen-siyah-dolgu-lastik","status":"publish","type":"product","link":"https:\/\/ceoparts.com\/fr\/urun\/140-55-9-nexen-siyah-dolgu-lastik\/","title":{"rendered":"140\/55-9 Pneu Plein Noir Nexen"},"content":{"rendered":"<p>140\/55-9 Pneu Plein Noir Nexen<\/p>","protected":false},"excerpt":{"rendered":"<p data-start=\"3117\" data-end=\"3521\">Les <strong data-start=\"3121\" data-end=\"3143\">pneus pleins Nexen<\/strong> sont des pneus haut de gamme con\u00e7us pour les chariots \u00e9l\u00e9vateurs et les \u00e9quipements de manutention. Leur compos\u00e9 de caoutchouc sp\u00e9cial et leur bande de roulement renforc\u00e9e offrent de hautes performances sous de lourdes charges, une longue dur\u00e9e de vie et une faible usure. Le profil am\u00e9lior\u00e9 assure une bonne r\u00e9sistance aux vibrations et aux chocs ainsi qu\u2019une conduite stable.<\/p>\n<p data-start=\"3523\" data-end=\"3555\"><strong data-start=\"3523\" data-end=\"3555\">Caract\u00e9ristiques principales<\/strong><\/p>\n<ul data-start=\"3556\" data-end=\"3790\">\n<li data-section-id=\"1mfac0y\" data-start=\"3556\" data-end=\"3620\">Bande de roulement renforc\u00e9e pour une dur\u00e9e de vie prolong\u00e9e<\/li>\n<li data-section-id=\"o82j0b\" data-start=\"3621\" data-end=\"3651\">Haute r\u00e9sistance \u00e0 l\u2019usure<\/li>\n<li data-section-id=\"1ndsknl\" data-start=\"3652\" data-end=\"3693\">R\u00e9sistant aux vibrations et aux chocs<\/li>\n<li data-section-id=\"qy1zve\" data-start=\"3694\" data-end=\"3733\">R\u00e9partition \u00e9quilibr\u00e9e de la charge<\/li>\n<li data-section-id=\"1sz6lho\" data-start=\"3734\" data-end=\"3790\">Id\u00e9al pour les chariots \u00e9l\u00e9vateurs et la manutention<\/li>\n<\/ul>\n","protected":false},"featured_media":21471,"template":"","meta":[],"product_brand":[],"product_cat":[516,536],"product_tag":[],"class_list":{"0":"post-21474","1":"product","2":"type-product","3":"status-publish","4":"has-post-thumbnail","6":"product_cat-dolgu-lastikler","7":"product_cat-siyah-dolgu-lstikler","9":"first","10":"instock","11":"taxable","12":"shipping-taxable","13":"purchasable","14":"product-type-variable"},"_links":{"self":[{"href":"https:\/\/ceoparts.com\/fr\/wp-json\/wp\/v2\/product\/21474","targetHints":{"allow":["GET"]}}],"collection":[{"href":"https:\/\/ceoparts.com\/fr\/wp-json\/wp\/v2\/product"}],"about":[{"href":"https:\/\/ceoparts.com\/fr\/wp-json\/wp\/v2\/types\/product"}],"wp:featuredmedia":[{"embeddable":true,"href":"https:\/\/ceoparts.com\/fr\/wp-json\/wp\/v2\/media\/21471"}],"wp:attachment":[{"href":"https:\/\/ceoparts.com\/fr\/wp-json\/wp\/v2\/media?parent=21474"}],"wp:term":[{"taxonomy":"product_brand","embeddable":true,"href":"https:\/\/ceoparts.com\/fr\/wp-json\/wp\/v2\/product_brand?post=21474"},{"taxonomy":"product_cat","embeddable":true,"href":"https:\/\/ceoparts.com\/fr\/wp-json\/wp\/v2\/product_cat?post=21474"},{"taxonomy":"product_tag","embeddable":true,"href":"https:\/\/ceoparts.com\/fr\/wp-json\/wp\/v2\/product_tag?post=21474"}],"curies":[{"name":"wp","href":"https:\/\/api.w.org\/{rel}","templated":true}]}}