{"id":21682,"date":"2026-04-18T09:25:10","date_gmt":"2026-04-18T06:25:10","guid":{"rendered":"https:\/\/ceoparts.com\/?post_type=product&#038;p=21682"},"modified":"2026-04-22T23:34:43","modified_gmt":"2026-04-22T20:34:43","slug":"bt-gosterge-7586000","status":"publish","type":"product","link":"https:\/\/ceoparts.com\/fr\/urun\/bt-gosterge-7586000\/","title":{"rendered":"BT \u00c9cran &#8211; 7586000"},"content":{"rendered":"<p>BT \u00c9cran &#8211; 7586000<\/p>","protected":false},"excerpt":{"rendered":"<p>L\u2019<strong data-start=\"1567\" data-end=\"1591\">afficheur BT 7586000<\/strong> est un composant important utilis\u00e9 dans les chariots \u00e9l\u00e9vateurs et \u00e9quipements de manutention BT Toyota. Il permet \u00e0 l\u2019op\u00e9rateur de visualiser l\u2019\u00e9tat de fonctionnement de la machine, le niveau de batterie et diff\u00e9rents avertissements afin d\u2019assurer une utilisation s\u00fbre et efficace.<\/p>\n","protected":false},"featured_media":21685,"template":"","meta":[],"product_brand":[],"product_cat":[431],"product_tag":[],"class_list":{"0":"post-21682","1":"product","2":"type-product","3":"status-publish","4":"has-post-thumbnail","6":"product_cat-ekranlar-ve-kartlar","8":"first","9":"instock","10":"taxable","11":"shipping-taxable","12":"purchasable","13":"product-type-simple"},"_links":{"self":[{"href":"https:\/\/ceoparts.com\/fr\/wp-json\/wp\/v2\/product\/21682","targetHints":{"allow":["GET"]}}],"collection":[{"href":"https:\/\/ceoparts.com\/fr\/wp-json\/wp\/v2\/product"}],"about":[{"href":"https:\/\/ceoparts.com\/fr\/wp-json\/wp\/v2\/types\/product"}],"wp:featuredmedia":[{"embeddable":true,"href":"https:\/\/ceoparts.com\/fr\/wp-json\/wp\/v2\/media\/21685"}],"wp:attachment":[{"href":"https:\/\/ceoparts.com\/fr\/wp-json\/wp\/v2\/media?parent=21682"}],"wp:term":[{"taxonomy":"product_brand","embeddable":true,"href":"https:\/\/ceoparts.com\/fr\/wp-json\/wp\/v2\/product_brand?post=21682"},{"taxonomy":"product_cat","embeddable":true,"href":"https:\/\/ceoparts.com\/fr\/wp-json\/wp\/v2\/product_cat?post=21682"},{"taxonomy":"product_tag","embeddable":true,"href":"https:\/\/ceoparts.com\/fr\/wp-json\/wp\/v2\/product_tag?post=21682"}],"curies":[{"name":"wp","href":"https:\/\/api.w.org\/{rel}","templated":true}]}}