{"id":21686,"date":"2026-04-20T11:09:44","date_gmt":"2026-04-20T08:09:44","guid":{"rendered":"https:\/\/ceoparts.com\/?post_type=product&#038;p=21686"},"modified":"2026-04-23T01:11:39","modified_gmt":"2026-04-22T22:11:39","slug":"manuel-transpalet-kol-takimi","status":"publish","type":"product","link":"https:\/\/ceoparts.com\/fr\/urun\/manuel-transpalet-kol-takimi\/","title":{"rendered":"Ensemble De Poign\u00e9e Pour Transpalette Manuel"},"content":{"rendered":"<p>Ensemble De Poign\u00e9e Pour Transpalette Manuel<\/p>\n<p>Ensemble De Poign\u00e9e Pour Transpalette Manuel<\/p>\n<p><\/p>","protected":false},"excerpt":{"rendered":"<p data-start=\"1779\" data-end=\"2124\">La <strong data-start=\"1782\" data-end=\"1825\">poign\u00e9e compl\u00e8te de transpalette manuel<\/strong> est l\u2019\u00e9l\u00e9ment principal permettant de contr\u00f4ler la direction, le d\u00e9placement et le levage du transpalette. Sa conception ergonomique assure une utilisation confortable et s\u00e9curis\u00e9e. Sa structure m\u00e9tallique robuste garantit une longue dur\u00e9e de vie dans les environnements logistiques et industriels.<\/p>\n","protected":false},"featured_media":21690,"template":"","meta":[],"product_brand":[],"product_cat":[470],"product_tag":[],"class_list":{"0":"post-21686","1":"product","2":"type-product","3":"status-publish","4":"has-post-thumbnail","6":"product_cat-diger-yedek-parcalar","8":"first","9":"instock","10":"taxable","11":"shipping-taxable","12":"purchasable","13":"product-type-simple"},"_links":{"self":[{"href":"https:\/\/ceoparts.com\/fr\/wp-json\/wp\/v2\/product\/21686","targetHints":{"allow":["GET"]}}],"collection":[{"href":"https:\/\/ceoparts.com\/fr\/wp-json\/wp\/v2\/product"}],"about":[{"href":"https:\/\/ceoparts.com\/fr\/wp-json\/wp\/v2\/types\/product"}],"wp:featuredmedia":[{"embeddable":true,"href":"https:\/\/ceoparts.com\/fr\/wp-json\/wp\/v2\/media\/21690"}],"wp:attachment":[{"href":"https:\/\/ceoparts.com\/fr\/wp-json\/wp\/v2\/media?parent=21686"}],"wp:term":[{"taxonomy":"product_brand","embeddable":true,"href":"https:\/\/ceoparts.com\/fr\/wp-json\/wp\/v2\/product_brand?post=21686"},{"taxonomy":"product_cat","embeddable":true,"href":"https:\/\/ceoparts.com\/fr\/wp-json\/wp\/v2\/product_cat?post=21686"},{"taxonomy":"product_tag","embeddable":true,"href":"https:\/\/ceoparts.com\/fr\/wp-json\/wp\/v2\/product_tag?post=21686"}],"curies":[{"name":"wp","href":"https:\/\/api.w.org\/{rel}","templated":true}]}}