{"id":21691,"date":"2026-04-20T11:27:24","date_gmt":"2026-04-20T08:27:24","guid":{"rendered":"https:\/\/ceoparts.com\/?post_type=product&#038;p=21691"},"modified":"2026-04-23T02:52:20","modified_gmt":"2026-04-22T23:52:20","slug":"55x25-12-beyaz-poliamid-transpalet-tekeri","status":"publish","type":"product","link":"https:\/\/ceoparts.com\/fr\/urun\/55x25-12-beyaz-poliamid-transpalet-tekeri\/","title":{"rendered":"55&#215;25-12 Roue de transpalette en polyamide blanche"},"content":{"rendered":"<p>55&#215;25-12 Roue de transpalette en polyamide blanche<\/p>\n<p>55&#215;25-12 Roue de transpalette en polyamide blanche<\/p>\n<p><\/p>","protected":false},"excerpt":{"rendered":"<p data-start=\"1741\" data-end=\"2145\">La <strong data-start=\"1744\" data-end=\"1796\">roue de transpalette en polyamide blanc 55\u00d725-12<\/strong> est une roue de charge durable utilis\u00e9e dans les transpalettes manuels et \u00e9lectriques. Fabriqu\u00e9e en polyamide (nylon), elle offre une grande capacit\u00e9 de charge, une faible r\u00e9sistance au roulement et une longue dur\u00e9e de vie. Sa structure dure et r\u00e9sistante \u00e0 l\u2019usure garantit un d\u00e9placement stable dans les environnements logistiques et industriels.<\/p>\n","protected":false},"featured_media":21694,"template":"","meta":[],"product_brand":[],"product_cat":[541],"product_tag":[],"class_list":{"0":"post-21691","1":"product","2":"type-product","3":"status-publish","4":"has-post-thumbnail","6":"product_cat-poliamid-transpalet-tekeri","8":"first","9":"instock","10":"taxable","11":"shipping-taxable","12":"purchasable","13":"product-type-simple"},"_links":{"self":[{"href":"https:\/\/ceoparts.com\/fr\/wp-json\/wp\/v2\/product\/21691","targetHints":{"allow":["GET"]}}],"collection":[{"href":"https:\/\/ceoparts.com\/fr\/wp-json\/wp\/v2\/product"}],"about":[{"href":"https:\/\/ceoparts.com\/fr\/wp-json\/wp\/v2\/types\/product"}],"wp:featuredmedia":[{"embeddable":true,"href":"https:\/\/ceoparts.com\/fr\/wp-json\/wp\/v2\/media\/21694"}],"wp:attachment":[{"href":"https:\/\/ceoparts.com\/fr\/wp-json\/wp\/v2\/media?parent=21691"}],"wp:term":[{"taxonomy":"product_brand","embeddable":true,"href":"https:\/\/ceoparts.com\/fr\/wp-json\/wp\/v2\/product_brand?post=21691"},{"taxonomy":"product_cat","embeddable":true,"href":"https:\/\/ceoparts.com\/fr\/wp-json\/wp\/v2\/product_cat?post=21691"},{"taxonomy":"product_tag","embeddable":true,"href":"https:\/\/ceoparts.com\/fr\/wp-json\/wp\/v2\/product_tag?post=21691"}],"curies":[{"name":"wp","href":"https:\/\/api.w.org\/{rel}","templated":true}]}}