{"id":21695,"date":"2026-04-20T11:39:26","date_gmt":"2026-04-20T08:39:26","guid":{"rendered":"https:\/\/ceoparts.com\/?post_type=product&#038;p=21695"},"modified":"2026-04-23T04:40:23","modified_gmt":"2026-04-23T01:40:23","slug":"jungheinrich-securon-emniyet-kemeri-turuncu-51271772","status":"publish","type":"product","link":"https:\/\/ceoparts.com\/fr\/urun\/jungheinrich-securon-emniyet-kemeri-turuncu-51271772\/","title":{"rendered":"Jungheinrich Securon Ceinture De S\u00e9curit\u00e9 Orange &#8211; 51271772"},"content":{"rendered":"<p>Jungheinrich Securon Ceinture De S\u00e9curit\u00e9 Orange &#8211; 51271772<\/p>","protected":false},"excerpt":{"rendered":"<p>La <strong data-start=\"2367\" data-end=\"2421\">ceinture de s\u00e9curit\u00e9 Jungheinrich Securon 51271772<\/strong> est un \u00e9l\u00e9ment de s\u00e9curit\u00e9 important utilis\u00e9 dans les chariots \u00e9l\u00e9vateurs et \u00e9quipements de manutention. Elle maintient l\u2019op\u00e9rateur en position assise et aide \u00e0 r\u00e9duire les risques de blessures lors de mouvements brusques ou de basculement de la machine. Sa sangle r\u00e9sistante et son m\u00e9canisme de verrouillage robuste garantissent une utilisation fiable dans les environnements industriels.<\/p>\n","protected":false},"featured_media":21700,"template":"","meta":[],"product_brand":[],"product_cat":[453],"product_tag":[],"class_list":{"0":"post-21695","1":"product","2":"type-product","3":"status-publish","4":"has-post-thumbnail","6":"product_cat-emniyet-kemerleri","8":"first","9":"instock","10":"taxable","11":"shipping-taxable","12":"purchasable","13":"product-type-simple"},"_links":{"self":[{"href":"https:\/\/ceoparts.com\/fr\/wp-json\/wp\/v2\/product\/21695","targetHints":{"allow":["GET"]}}],"collection":[{"href":"https:\/\/ceoparts.com\/fr\/wp-json\/wp\/v2\/product"}],"about":[{"href":"https:\/\/ceoparts.com\/fr\/wp-json\/wp\/v2\/types\/product"}],"wp:featuredmedia":[{"embeddable":true,"href":"https:\/\/ceoparts.com\/fr\/wp-json\/wp\/v2\/media\/21700"}],"wp:attachment":[{"href":"https:\/\/ceoparts.com\/fr\/wp-json\/wp\/v2\/media?parent=21695"}],"wp:term":[{"taxonomy":"product_brand","embeddable":true,"href":"https:\/\/ceoparts.com\/fr\/wp-json\/wp\/v2\/product_brand?post=21695"},{"taxonomy":"product_cat","embeddable":true,"href":"https:\/\/ceoparts.com\/fr\/wp-json\/wp\/v2\/product_cat?post=21695"},{"taxonomy":"product_tag","embeddable":true,"href":"https:\/\/ceoparts.com\/fr\/wp-json\/wp\/v2\/product_tag?post=21695"}],"curies":[{"name":"wp","href":"https:\/\/api.w.org\/{rel}","templated":true}]}}