{"id":21701,"date":"2026-04-20T12:00:28","date_gmt":"2026-04-20T09:00:28","guid":{"rendered":"https:\/\/ceoparts.com\/?post_type=product&#038;p=21701"},"modified":"2026-04-23T06:31:07","modified_gmt":"2026-04-23T03:31:07","slug":"bt-lpe200-diferansiyel-7979315-7540136","status":"publish","type":"product","link":"https:\/\/ceoparts.com\/fr\/urun\/bt-lpe200-diferansiyel-7979315-7540136\/","title":{"rendered":"BT \/ LPE200 Diff\u00e9rentiel &#8211; 7979315, 7540136"},"content":{"rendered":"<p>BT \/ LPE200 Diff\u00e9rentiel &#8211; 7979315, 7540136<\/p>","protected":false},"excerpt":{"rendered":"<p data-start=\"2026\" data-end=\"2279\">Le <strong data-start=\"2029\" data-end=\"2066\">diff\u00e9rentiel BT 7979315 \/ 7540136<\/strong> est un composant essentiel du syst\u00e8me de transmission des transpalettes \u00e9lectriques BT Toyota. Il transmet la puissance du moteur aux roues motrices afin d\u2019assurer un d\u00e9placement stable et contr\u00f4l\u00e9 de la machine.<\/p>\n<p data-start=\"2281\" data-end=\"2335\"><strong data-start=\"2281\" data-end=\"2306\">Mod\u00e8les compatibles :<\/strong><br data-start=\"2306\" data-end=\"2309\" \/>BT <strong data-start=\"2312\" data-end=\"2333\">7979315 \/ 7540136<\/strong><\/p>\n<p data-start=\"2337\" data-end=\"2374\">BT <strong data-start=\"2340\" data-end=\"2374\">LPE200 transpalette \u00e9lectrique<\/strong><\/p>\n","protected":false},"featured_media":21707,"template":"","meta":[],"product_brand":[],"product_cat":[470],"product_tag":[],"class_list":{"0":"post-21701","1":"product","2":"type-product","3":"status-publish","4":"has-post-thumbnail","6":"product_cat-diger-yedek-parcalar","8":"first","9":"instock","10":"taxable","11":"shipping-taxable","12":"purchasable","13":"product-type-simple"},"_links":{"self":[{"href":"https:\/\/ceoparts.com\/fr\/wp-json\/wp\/v2\/product\/21701","targetHints":{"allow":["GET"]}}],"collection":[{"href":"https:\/\/ceoparts.com\/fr\/wp-json\/wp\/v2\/product"}],"about":[{"href":"https:\/\/ceoparts.com\/fr\/wp-json\/wp\/v2\/types\/product"}],"wp:featuredmedia":[{"embeddable":true,"href":"https:\/\/ceoparts.com\/fr\/wp-json\/wp\/v2\/media\/21707"}],"wp:attachment":[{"href":"https:\/\/ceoparts.com\/fr\/wp-json\/wp\/v2\/media?parent=21701"}],"wp:term":[{"taxonomy":"product_brand","embeddable":true,"href":"https:\/\/ceoparts.com\/fr\/wp-json\/wp\/v2\/product_brand?post=21701"},{"taxonomy":"product_cat","embeddable":true,"href":"https:\/\/ceoparts.com\/fr\/wp-json\/wp\/v2\/product_cat?post=21701"},{"taxonomy":"product_tag","embeddable":true,"href":"https:\/\/ceoparts.com\/fr\/wp-json\/wp\/v2\/product_tag?post=21701"}],"curies":[{"name":"wp","href":"https:\/\/api.w.org\/{rel}","templated":true}]}}