{"id":21708,"date":"2026-04-20T13:06:48","date_gmt":"2026-04-20T10:06:48","guid":{"rendered":"https:\/\/ceoparts.com\/?post_type=product&#038;p=21708"},"modified":"2026-04-23T08:22:56","modified_gmt":"2026-04-23T05:22:56","slug":"bt-lwe160-gobek-rulmani-7731656","status":"publish","type":"product","link":"https:\/\/ceoparts.com\/fr\/urun\/bt-lwe160-gobek-rulmani-7731656\/","title":{"rendered":"BT \/ LWE160 Roulement De Moyeu &#8211; 7731656"},"content":{"rendered":"<p>BT \/ LWE160 Roulement De Moyeu &#8211; 7731656<\/p>\n<p>BT \/ LWE160 Roulement De Moyeu &#8211; 7731656<\/p>\n<p><\/p>","protected":false},"excerpt":{"rendered":"<p data-start=\"1923\" data-end=\"2183\">Le <strong data-start=\"1926\" data-end=\"1959\">roulement de moyeu BT 7731656<\/strong> est un composant m\u00e9canique important du syst\u00e8me de roues des transpalettes \u00e9lectriques BT Toyota LWE160. Il permet une rotation fluide des roues avec une faible friction et contribue \u00e0 un d\u00e9placement stable de la machine.<\/p>\n<p data-start=\"2185\" data-end=\"2267\"><strong data-start=\"2185\" data-end=\"2210\">Mod\u00e8les compatibles :<\/strong><br data-start=\"2210\" data-end=\"2213\" \/>BT <strong data-start=\"2216\" data-end=\"2227\">7731656<\/strong><br data-start=\"2227\" data-end=\"2230\" \/>BT <strong data-start=\"2233\" data-end=\"2267\">LWE160 transpalette \u00e9lectrique<\/strong><\/p>\n","protected":false},"featured_media":21717,"template":"","meta":[],"product_brand":[],"product_cat":[459],"product_tag":[],"class_list":{"0":"post-21708","1":"product","2":"type-product","3":"status-publish","4":"has-post-thumbnail","6":"product_cat-gobek-rulmanlar","8":"first","9":"instock","10":"taxable","11":"shipping-taxable","12":"purchasable","13":"product-type-simple"},"_links":{"self":[{"href":"https:\/\/ceoparts.com\/fr\/wp-json\/wp\/v2\/product\/21708","targetHints":{"allow":["GET"]}}],"collection":[{"href":"https:\/\/ceoparts.com\/fr\/wp-json\/wp\/v2\/product"}],"about":[{"href":"https:\/\/ceoparts.com\/fr\/wp-json\/wp\/v2\/types\/product"}],"wp:featuredmedia":[{"embeddable":true,"href":"https:\/\/ceoparts.com\/fr\/wp-json\/wp\/v2\/media\/21717"}],"wp:attachment":[{"href":"https:\/\/ceoparts.com\/fr\/wp-json\/wp\/v2\/media?parent=21708"}],"wp:term":[{"taxonomy":"product_brand","embeddable":true,"href":"https:\/\/ceoparts.com\/fr\/wp-json\/wp\/v2\/product_brand?post=21708"},{"taxonomy":"product_cat","embeddable":true,"href":"https:\/\/ceoparts.com\/fr\/wp-json\/wp\/v2\/product_cat?post=21708"},{"taxonomy":"product_tag","embeddable":true,"href":"https:\/\/ceoparts.com\/fr\/wp-json\/wp\/v2\/product_tag?post=21708"}],"curies":[{"name":"wp","href":"https:\/\/api.w.org\/{rel}","templated":true}]}}