{"id":21726,"date":"2026-04-20T13:56:19","date_gmt":"2026-04-20T10:56:19","guid":{"rendered":"https:\/\/ceoparts.com\/?post_type=product&#038;p=21726"},"modified":"2026-04-23T11:39:12","modified_gmt":"2026-04-23T08:39:12","slug":"grammer-lever-1066628","status":"publish","type":"product","link":"https:\/\/ceoparts.com\/fr\/urun\/grammer-lever-1066628\/","title":{"rendered":"GRAMMER Levier &#8211; 1066628"},"content":{"rendered":"<p>GRAMMER Levier &#8211; 1066628<\/p>","protected":false},"excerpt":{"rendered":"<p data-start=\"1548\" data-end=\"1822\">Le <strong data-start=\"1551\" data-end=\"1577\">levier Grammer 1066628<\/strong> est un composant de r\u00e9glage utilis\u00e9 dans les si\u00e8ges op\u00e9rateur Grammer. Il permet d\u2019ajuster diff\u00e9rentes fonctions du si\u00e8ge telles que la hauteur, la position ou la suspension afin d\u2019offrir une position de travail plus ergonomique et confortable.<\/p>\n","protected":false},"featured_media":21727,"template":"","meta":[],"product_brand":[],"product_cat":[470],"product_tag":[],"class_list":{"0":"post-21726","1":"product","2":"type-product","3":"status-publish","4":"has-post-thumbnail","6":"product_cat-diger-yedek-parcalar","8":"first","9":"instock","10":"taxable","11":"shipping-taxable","12":"purchasable","13":"product-type-simple"},"_links":{"self":[{"href":"https:\/\/ceoparts.com\/fr\/wp-json\/wp\/v2\/product\/21726","targetHints":{"allow":["GET"]}}],"collection":[{"href":"https:\/\/ceoparts.com\/fr\/wp-json\/wp\/v2\/product"}],"about":[{"href":"https:\/\/ceoparts.com\/fr\/wp-json\/wp\/v2\/types\/product"}],"wp:featuredmedia":[{"embeddable":true,"href":"https:\/\/ceoparts.com\/fr\/wp-json\/wp\/v2\/media\/21727"}],"wp:attachment":[{"href":"https:\/\/ceoparts.com\/fr\/wp-json\/wp\/v2\/media?parent=21726"}],"wp:term":[{"taxonomy":"product_brand","embeddable":true,"href":"https:\/\/ceoparts.com\/fr\/wp-json\/wp\/v2\/product_brand?post=21726"},{"taxonomy":"product_cat","embeddable":true,"href":"https:\/\/ceoparts.com\/fr\/wp-json\/wp\/v2\/product_cat?post=21726"},{"taxonomy":"product_tag","embeddable":true,"href":"https:\/\/ceoparts.com\/fr\/wp-json\/wp\/v2\/product_tag?post=21726"}],"curies":[{"name":"wp","href":"https:\/\/api.w.org\/{rel}","templated":true}]}}