{"id":21736,"date":"2026-04-20T14:58:56","date_gmt":"2026-04-20T11:58:56","guid":{"rendered":"https:\/\/ceoparts.com\/?post_type=product&#038;p=21736"},"modified":"2026-04-23T14:42:39","modified_gmt":"2026-04-23T11:42:39","slug":"albright-acil-stop-kontaktoru-sd300a-83","status":"publish","type":"product","link":"https:\/\/ceoparts.com\/fr\/urun\/albright-acil-stop-kontaktoru-sd300a-83\/","title":{"rendered":"ALBRIGHT Contacteur D&#8217;arr\u00eat D&#8217;urgence SD300A-83"},"content":{"rendered":"<p>ALBRIGHT Contacteur D&#8217;arr\u00eat D&#8217;urgence SD300A-83<\/p>","protected":false},"excerpt":{"rendered":"<p data-start=\"2503\" data-end=\"2793\">Le <strong data-start=\"2506\" data-end=\"2557\">contacteur d\u2019arr\u00eat d\u2019urgence Albright SD300A-83<\/strong> est utilis\u00e9 dans les syst\u00e8mes \u00e9lectriques des chariots \u00e9l\u00e9vateurs et v\u00e9hicules industriels aliment\u00e9s par batterie. Il combine un interrupteur de coupure manuel et un contacteur de ligne command\u00e9 par bobine dans une conception compacte.<\/p>\n","protected":false},"featured_media":21740,"template":"","meta":[],"product_brand":[],"product_cat":[469],"product_tag":[],"class_list":{"0":"post-21736","1":"product","2":"type-product","3":"status-publish","4":"has-post-thumbnail","6":"product_cat-elektrik-ve-sistem-parcalari","8":"first","9":"instock","10":"taxable","11":"shipping-taxable","12":"purchasable","13":"product-type-simple"},"_links":{"self":[{"href":"https:\/\/ceoparts.com\/fr\/wp-json\/wp\/v2\/product\/21736","targetHints":{"allow":["GET"]}}],"collection":[{"href":"https:\/\/ceoparts.com\/fr\/wp-json\/wp\/v2\/product"}],"about":[{"href":"https:\/\/ceoparts.com\/fr\/wp-json\/wp\/v2\/types\/product"}],"wp:featuredmedia":[{"embeddable":true,"href":"https:\/\/ceoparts.com\/fr\/wp-json\/wp\/v2\/media\/21740"}],"wp:attachment":[{"href":"https:\/\/ceoparts.com\/fr\/wp-json\/wp\/v2\/media?parent=21736"}],"wp:term":[{"taxonomy":"product_brand","embeddable":true,"href":"https:\/\/ceoparts.com\/fr\/wp-json\/wp\/v2\/product_brand?post=21736"},{"taxonomy":"product_cat","embeddable":true,"href":"https:\/\/ceoparts.com\/fr\/wp-json\/wp\/v2\/product_cat?post=21736"},{"taxonomy":"product_tag","embeddable":true,"href":"https:\/\/ceoparts.com\/fr\/wp-json\/wp\/v2\/product_tag?post=21736"}],"curies":[{"name":"wp","href":"https:\/\/api.w.org\/{rel}","templated":true}]}}