{"id":21758,"date":"2026-04-20T16:00:26","date_gmt":"2026-04-20T13:00:26","guid":{"rendered":"https:\/\/ceoparts.com\/?post_type=product&#038;p=21758"},"modified":"2026-04-23T19:16:04","modified_gmt":"2026-04-23T16:16:04","slug":"linde-t20sp-denge-mekanizmasi-flansi-1334512000","status":"publish","type":"product","link":"https:\/\/ceoparts.com\/fr\/urun\/linde-t20sp-denge-mekanizmasi-flansi-1334512000\/","title":{"rendered":"LINDE \/ T20SP Bride Du M\u00e9canisme D&#8217;\u00e9quilibrage &#8211; 1334512000"},"content":{"rendered":"<p>LINDE \/ T20SP Bride Du M\u00e9canisme D&#8217;\u00e9quilibrage &#8211; 1334512000<\/p>","protected":false},"excerpt":{"rendered":"<p data-start=\"3248\" data-end=\"3542\">La <strong data-start=\"3251\" data-end=\"3304\">bride du m\u00e9canisme d\u2019\u00e9quilibrage Linde 1334512000<\/strong> est un composant utilis\u00e9 dans le syst\u00e8me de stabilisation et de d\u00e9placement des transpalettes \u00e9lectriques Linde. Elle permet de fixer solidement le m\u00e9canisme d\u2019\u00e9quilibrage au ch\u00e2ssis afin d\u2019assurer un fonctionnement stable de la machine.<\/p>\n<p data-start=\"3544\" data-end=\"3813\"><strong data-start=\"3544\" data-end=\"3566\">Caract\u00e9ristiques :<\/strong><br data-start=\"3566\" data-end=\"3569\" \/>Nom du produit : Bride du m\u00e9canisme d\u2019\u00e9quilibrage Linde \/ T20SP<br data-start=\"3632\" data-end=\"3635\" \/>R\u00e9f\u00e9rence : 1334512000<br data-start=\"3657\" data-end=\"3660\" \/>Mat\u00e9riau : Alliage m\u00e9tallique r\u00e9sistant<br data-start=\"3699\" data-end=\"3702\" \/>Application : Syst\u00e8me d\u2019\u00e9quilibrage et de d\u00e9placement<br data-start=\"3755\" data-end=\"3758\" \/>Avantage : Fonctionnement stable et longue dur\u00e9e de vie<\/p>\n<p data-start=\"3815\" data-end=\"3865\"><strong data-start=\"3815\" data-end=\"3840\">Mod\u00e8les compatibles :<\/strong><br data-start=\"3840\" data-end=\"3843\" \/>Linde <strong data-start=\"3849\" data-end=\"3863\">1334512000<\/strong><\/p>\n<p data-start=\"3867\" data-end=\"3882\">Linde <strong data-start=\"3873\" data-end=\"3882\">T20SP<\/strong><\/p>\n","protected":false},"featured_media":21761,"template":"","meta":[],"product_brand":[],"product_cat":[470],"product_tag":[],"class_list":{"0":"post-21758","1":"product","2":"type-product","3":"status-publish","4":"has-post-thumbnail","6":"product_cat-diger-yedek-parcalar","8":"first","9":"instock","10":"taxable","11":"shipping-taxable","12":"purchasable","13":"product-type-simple"},"_links":{"self":[{"href":"https:\/\/ceoparts.com\/fr\/wp-json\/wp\/v2\/product\/21758","targetHints":{"allow":["GET"]}}],"collection":[{"href":"https:\/\/ceoparts.com\/fr\/wp-json\/wp\/v2\/product"}],"about":[{"href":"https:\/\/ceoparts.com\/fr\/wp-json\/wp\/v2\/types\/product"}],"wp:featuredmedia":[{"embeddable":true,"href":"https:\/\/ceoparts.com\/fr\/wp-json\/wp\/v2\/media\/21761"}],"wp:attachment":[{"href":"https:\/\/ceoparts.com\/fr\/wp-json\/wp\/v2\/media?parent=21758"}],"wp:term":[{"taxonomy":"product_brand","embeddable":true,"href":"https:\/\/ceoparts.com\/fr\/wp-json\/wp\/v2\/product_brand?post=21758"},{"taxonomy":"product_cat","embeddable":true,"href":"https:\/\/ceoparts.com\/fr\/wp-json\/wp\/v2\/product_cat?post=21758"},{"taxonomy":"product_tag","embeddable":true,"href":"https:\/\/ceoparts.com\/fr\/wp-json\/wp\/v2\/product_tag?post=21758"}],"curies":[{"name":"wp","href":"https:\/\/api.w.org\/{rel}","templated":true}]}}