{"id":21762,"date":"2026-04-20T16:25:53","date_gmt":"2026-04-20T13:25:53","guid":{"rendered":"https:\/\/ceoparts.com\/?post_type=product&#038;p=21762"},"modified":"2026-04-23T20:33:59","modified_gmt":"2026-04-23T17:33:59","slug":"nilfisk-yikama-fircasi-kecesi-56383238","status":"publish","type":"product","link":"https:\/\/ceoparts.com\/fr\/urun\/nilfisk-yikama-fircasi-kecesi-56383238\/","title":{"rendered":"NILFISK Joint De Brosse De Lavage &#8211; 56383238"},"content":{"rendered":"<p>NILFISK Joint De Brosse De Lavage &#8211; 56383238<\/p>","protected":false},"excerpt":{"rendered":"<p data-start=\"2636\" data-end=\"2853\">Le <strong data-start=\"2639\" data-end=\"2676\">feutre de brosse Nilfisk 56383238<\/strong> est un composant utilis\u00e9 dans les autolaveuses Nilfisk. Il contribue au bon fonctionnement du m\u00e9canisme de brosse et aide \u00e0 contr\u00f4ler l\u2019eau et les salet\u00e9s pendant le nettoyage.<\/p>\n<p data-start=\"2855\" data-end=\"3106\"><strong data-start=\"2855\" data-end=\"2877\">Caract\u00e9ristiques :<\/strong><br data-start=\"2877\" data-end=\"2880\" \/>Nom du produit : Feutre de brosse Nilfisk<br data-start=\"2921\" data-end=\"2924\" \/>R\u00e9f\u00e9rence : 56383238<br data-start=\"2944\" data-end=\"2947\" \/>Mat\u00e9riau : Feutre industriel r\u00e9sistant<br data-start=\"2985\" data-end=\"2988\" \/>Application : Machines de nettoyage de sol Nilfisk<br data-start=\"3038\" data-end=\"3041\" \/>Avantage : Protection du syst\u00e8me de brosse et longue dur\u00e9e de vie<\/p>\n","protected":false},"featured_media":21765,"template":"","meta":[],"product_brand":[],"product_cat":[470],"product_tag":[],"class_list":{"0":"post-21762","1":"product","2":"type-product","3":"status-publish","4":"has-post-thumbnail","6":"product_cat-diger-yedek-parcalar","8":"first","9":"instock","10":"taxable","11":"shipping-taxable","12":"purchasable","13":"product-type-simple"},"_links":{"self":[{"href":"https:\/\/ceoparts.com\/fr\/wp-json\/wp\/v2\/product\/21762","targetHints":{"allow":["GET"]}}],"collection":[{"href":"https:\/\/ceoparts.com\/fr\/wp-json\/wp\/v2\/product"}],"about":[{"href":"https:\/\/ceoparts.com\/fr\/wp-json\/wp\/v2\/types\/product"}],"wp:featuredmedia":[{"embeddable":true,"href":"https:\/\/ceoparts.com\/fr\/wp-json\/wp\/v2\/media\/21765"}],"wp:attachment":[{"href":"https:\/\/ceoparts.com\/fr\/wp-json\/wp\/v2\/media?parent=21762"}],"wp:term":[{"taxonomy":"product_brand","embeddable":true,"href":"https:\/\/ceoparts.com\/fr\/wp-json\/wp\/v2\/product_brand?post=21762"},{"taxonomy":"product_cat","embeddable":true,"href":"https:\/\/ceoparts.com\/fr\/wp-json\/wp\/v2\/product_cat?post=21762"},{"taxonomy":"product_tag","embeddable":true,"href":"https:\/\/ceoparts.com\/fr\/wp-json\/wp\/v2\/product_tag?post=21762"}],"curies":[{"name":"wp","href":"https:\/\/api.w.org\/{rel}","templated":true}]}}