{"id":21767,"date":"2026-04-20T16:47:12","date_gmt":"2026-04-20T13:47:12","guid":{"rendered":"https:\/\/ceoparts.com\/?post_type=product&#038;p=21767"},"modified":"2026-04-23T22:15:52","modified_gmt":"2026-04-23T19:15:52","slug":"still-limit-switch-8407278","status":"publish","type":"product","link":"https:\/\/ceoparts.com\/fr\/urun\/still-limit-switch-8407278\/","title":{"rendered":"STILL Interrupteur De Fin De Course &#8211; 8407278"},"content":{"rendered":"<p>STILL Interrupteur De Fin De Course &#8211; 8407278<\/p>","protected":false},"excerpt":{"rendered":"<p data-start=\"2493\" data-end=\"2699\">L\u2019<strong data-start=\"2495\" data-end=\"2542\">interrupteur de fin de course STILL 8407278<\/strong> est un composant de contr\u00f4le \u00e9lectrique utilis\u00e9 dans les chariots \u00e9l\u00e9vateurs et \u00e9quipements de manutention pour d\u00e9tecter les positions limites de mouvement.<\/p>\n<p data-start=\"2701\" data-end=\"2942\"><strong data-start=\"2701\" data-end=\"2723\">Caract\u00e9ristiques :<\/strong><br data-start=\"2723\" data-end=\"2726\" \/>Nom du produit : Interrupteur de fin de course STILL<br data-start=\"2778\" data-end=\"2781\" \/>R\u00e9f\u00e9rence : 8407278<br data-start=\"2800\" data-end=\"2803\" \/>Type : Interrupteur de position<br data-start=\"2834\" data-end=\"2837\" \/>Application : Contr\u00f4le de position dans les chariots \u00e9l\u00e9vateurs<br data-start=\"2900\" data-end=\"2903\" \/>Avantage : Fonctionnement s\u00fbr et pr\u00e9cis<\/p>\n","protected":false},"featured_media":21769,"template":"","meta":[],"product_brand":[],"product_cat":[454],"product_tag":[],"class_list":{"0":"post-21767","1":"product","2":"type-product","3":"status-publish","4":"has-post-thumbnail","6":"product_cat-switch-ve-buton","8":"first","9":"instock","10":"taxable","11":"shipping-taxable","12":"purchasable","13":"product-type-simple"},"_links":{"self":[{"href":"https:\/\/ceoparts.com\/fr\/wp-json\/wp\/v2\/product\/21767","targetHints":{"allow":["GET"]}}],"collection":[{"href":"https:\/\/ceoparts.com\/fr\/wp-json\/wp\/v2\/product"}],"about":[{"href":"https:\/\/ceoparts.com\/fr\/wp-json\/wp\/v2\/types\/product"}],"wp:featuredmedia":[{"embeddable":true,"href":"https:\/\/ceoparts.com\/fr\/wp-json\/wp\/v2\/media\/21769"}],"wp:attachment":[{"href":"https:\/\/ceoparts.com\/fr\/wp-json\/wp\/v2\/media?parent=21767"}],"wp:term":[{"taxonomy":"product_brand","embeddable":true,"href":"https:\/\/ceoparts.com\/fr\/wp-json\/wp\/v2\/product_brand?post=21767"},{"taxonomy":"product_cat","embeddable":true,"href":"https:\/\/ceoparts.com\/fr\/wp-json\/wp\/v2\/product_cat?post=21767"},{"taxonomy":"product_tag","embeddable":true,"href":"https:\/\/ceoparts.com\/fr\/wp-json\/wp\/v2\/product_tag?post=21767"}],"curies":[{"name":"wp","href":"https:\/\/api.w.org\/{rel}","templated":true}]}}