{"id":21774,"date":"2026-04-20T17:02:58","date_gmt":"2026-04-20T14:02:58","guid":{"rendered":"https:\/\/ceoparts.com\/?post_type=product&#038;p=21774"},"modified":"2026-04-23T23:58:18","modified_gmt":"2026-04-23T20:58:18","slug":"albright-kontaktor-su280b-1167-250a-7654818","status":"publish","type":"product","link":"https:\/\/ceoparts.com\/fr\/urun\/albright-kontaktor-su280b-1167-250a-7654818\/","title":{"rendered":"ALBRIGHT Contacteur Su280B &#8211; 1167 250A &#8211; 7654818"},"content":{"rendered":"<p>ALBRIGHT Contacteur Su280B &#8211; 1167 250A &#8211; 7654818<\/p>","protected":false},"excerpt":{"rendered":"<p data-start=\"2875\" data-end=\"3110\">Le <strong data-start=\"2878\" data-end=\"2913\">contacteur Albright SW280B-1167<\/strong> est utilis\u00e9 dans les syst\u00e8mes \u00e9lectriques des chariots \u00e9l\u00e9vateurs et des v\u00e9hicules industriels aliment\u00e9s par batterie. Il contr\u00f4le le flux d\u2019\u00e9nergie entre la batterie et le syst\u00e8me d\u2019entra\u00eenement.<\/p>\n<p data-start=\"3112\" data-end=\"3388\"><strong data-start=\"3112\" data-end=\"3134\">Caract\u00e9ristiques :<\/strong><br data-start=\"3134\" data-end=\"3137\" \/>Nom du produit : Contacteur ALBRIGHT SW280B-1167<br data-start=\"3185\" data-end=\"3188\" \/>R\u00e9f\u00e9rence : 7654818<br data-start=\"3207\" data-end=\"3210\" \/>Capacit\u00e9 de courant : 250A<br data-start=\"3236\" data-end=\"3239\" \/>Type : Contacteur de puissance DC<br data-start=\"3272\" data-end=\"3275\" \/>Application : Syst\u00e8mes \u00e9lectriques des chariots \u00e9l\u00e9vateurs<br data-start=\"3333\" data-end=\"3336\" \/>Avantage : Commutation fiable et longue dur\u00e9e de vie<\/p>\n","protected":false},"featured_media":21779,"template":"","meta":[],"product_brand":[],"product_cat":[462],"product_tag":[],"class_list":{"0":"post-21774","1":"product","2":"type-product","3":"status-publish","4":"has-post-thumbnail","6":"product_cat-kontaktorler","8":"first","9":"instock","10":"taxable","11":"shipping-taxable","12":"purchasable","13":"product-type-simple"},"_links":{"self":[{"href":"https:\/\/ceoparts.com\/fr\/wp-json\/wp\/v2\/product\/21774","targetHints":{"allow":["GET"]}}],"collection":[{"href":"https:\/\/ceoparts.com\/fr\/wp-json\/wp\/v2\/product"}],"about":[{"href":"https:\/\/ceoparts.com\/fr\/wp-json\/wp\/v2\/types\/product"}],"wp:featuredmedia":[{"embeddable":true,"href":"https:\/\/ceoparts.com\/fr\/wp-json\/wp\/v2\/media\/21779"}],"wp:attachment":[{"href":"https:\/\/ceoparts.com\/fr\/wp-json\/wp\/v2\/media?parent=21774"}],"wp:term":[{"taxonomy":"product_brand","embeddable":true,"href":"https:\/\/ceoparts.com\/fr\/wp-json\/wp\/v2\/product_brand?post=21774"},{"taxonomy":"product_cat","embeddable":true,"href":"https:\/\/ceoparts.com\/fr\/wp-json\/wp\/v2\/product_cat?post=21774"},{"taxonomy":"product_tag","embeddable":true,"href":"https:\/\/ceoparts.com\/fr\/wp-json\/wp\/v2\/product_tag?post=21774"}],"curies":[{"name":"wp","href":"https:\/\/api.w.org\/{rel}","templated":true}]}}