{"id":21807,"date":"2026-04-24T09:30:51","date_gmt":"2026-04-24T06:30:51","guid":{"rendered":"https:\/\/ceoparts.com\/?post_type=product&#038;p=21807"},"modified":"2026-04-26T08:59:30","modified_gmt":"2026-04-26T05:59:30","slug":"83x112-116-30-wicke-yuk-tekeri","status":"publish","type":"product","link":"https:\/\/ceoparts.com\/fr\/urun\/83x112-116-30-wicke-yuk-tekeri\/","title":{"rendered":"83&#215;112\/116-30 Wicke Roue De Charge"},"content":{"rendered":"<p>83&#215;112\/116-30 Wicke Roue De Charge<\/p>","protected":false},"excerpt":{"rendered":"<p>La <strong data-start=\"2410\" data-end=\"2448\">roue de charge Wicke 83\u00d7112\/116-30<\/strong> est utilis\u00e9e dans les chariots \u00e9l\u00e9vateurs et \u00e9quipements de manutention. Son rev\u00eatement en polyur\u00e9thane offre une excellente r\u00e9sistance \u00e0 l\u2019usure et une longue dur\u00e9e de vie.<\/p>\n","protected":false},"featured_media":21808,"template":"","meta":[],"product_brand":[],"product_cat":[402,400,506],"product_tag":[],"class_list":{"0":"post-21807","1":"product","2":"type-product","3":"status-publish","4":"has-post-thumbnail","6":"product_cat-catal-tekeri-wicke","7":"product_cat-catal-tekeri","8":"product_cat-tekerler-mekanizmalar","10":"first","11":"instock","12":"taxable","13":"shipping-taxable","14":"purchasable","15":"product-type-simple"},"_links":{"self":[{"href":"https:\/\/ceoparts.com\/fr\/wp-json\/wp\/v2\/product\/21807","targetHints":{"allow":["GET"]}}],"collection":[{"href":"https:\/\/ceoparts.com\/fr\/wp-json\/wp\/v2\/product"}],"about":[{"href":"https:\/\/ceoparts.com\/fr\/wp-json\/wp\/v2\/types\/product"}],"wp:featuredmedia":[{"embeddable":true,"href":"https:\/\/ceoparts.com\/fr\/wp-json\/wp\/v2\/media\/21808"}],"wp:attachment":[{"href":"https:\/\/ceoparts.com\/fr\/wp-json\/wp\/v2\/media?parent=21807"}],"wp:term":[{"taxonomy":"product_brand","embeddable":true,"href":"https:\/\/ceoparts.com\/fr\/wp-json\/wp\/v2\/product_brand?post=21807"},{"taxonomy":"product_cat","embeddable":true,"href":"https:\/\/ceoparts.com\/fr\/wp-json\/wp\/v2\/product_cat?post=21807"},{"taxonomy":"product_tag","embeddable":true,"href":"https:\/\/ceoparts.com\/fr\/wp-json\/wp\/v2\/product_tag?post=21807"}],"curies":[{"name":"wp","href":"https:\/\/api.w.org\/{rel}","templated":true}]}}