{"id":21810,"date":"2026-04-24T09:54:49","date_gmt":"2026-04-24T06:54:49","guid":{"rendered":"https:\/\/ceoparts.com\/?post_type=product&#038;p=21810"},"modified":"2026-04-26T07:12:41","modified_gmt":"2026-04-26T04:12:41","slug":"still-ecu-sf-ust-kapak-45224300804","status":"publish","type":"product","link":"https:\/\/ceoparts.com\/fr\/urun\/still-ecu-sf-ust-kapak-45224300804\/","title":{"rendered":"STILL &#8211; ECU SF Couvercle Sup\u00e9rieur &#8211; 45224300804"},"content":{"rendered":"<p>STILL &#8211; ECU SF Couvercle Sup\u00e9rieur &#8211; 45224300804<\/p>","protected":false},"excerpt":{"rendered":"<p data-start=\"2622\" data-end=\"2803\">Le <strong data-start=\"2625\" data-end=\"2673\">couvercle sup\u00e9rieur ECU SF STILL 45224300804<\/strong> est un \u00e9l\u00e9ment de protection con\u00e7u pour couvrir et prot\u00e9ger l\u2019unit\u00e9 de contr\u00f4le \u00e9lectronique (ECU) des chariots \u00e9l\u00e9vateurs STILL.<\/p>\n<p data-start=\"2805\" data-end=\"3048\"><strong data-start=\"2805\" data-end=\"2827\">Caract\u00e9ristiques :<\/strong><br data-start=\"2827\" data-end=\"2830\" \/>Nom du produit : Couvercle sup\u00e9rieur ECU SF STILL<br data-start=\"2879\" data-end=\"2882\" \/>R\u00e9f\u00e9rence : 45224300804<br data-start=\"2905\" data-end=\"2908\" \/>Mat\u00e9riau : Bo\u00eetier plastique r\u00e9sistant<br data-start=\"2946\" data-end=\"2949\" \/>Application : Protection de l\u2019unit\u00e9 ECU<br data-start=\"2988\" data-end=\"2991\" \/>Avantage : Protection \u00e9lectronique et longue dur\u00e9e de vie<\/p>\n","protected":false},"featured_media":21813,"template":"","meta":[],"product_brand":[],"product_cat":[472,524],"product_tag":[],"class_list":{"0":"post-21810","1":"product","2":"type-product","3":"status-publish","4":"has-post-thumbnail","6":"product_cat-kaporta-aksami","7":"product_cat-yedek-parca-still","9":"first","10":"instock","11":"taxable","12":"shipping-taxable","13":"purchasable","14":"product-type-simple"},"_links":{"self":[{"href":"https:\/\/ceoparts.com\/fr\/wp-json\/wp\/v2\/product\/21810","targetHints":{"allow":["GET"]}}],"collection":[{"href":"https:\/\/ceoparts.com\/fr\/wp-json\/wp\/v2\/product"}],"about":[{"href":"https:\/\/ceoparts.com\/fr\/wp-json\/wp\/v2\/types\/product"}],"wp:featuredmedia":[{"embeddable":true,"href":"https:\/\/ceoparts.com\/fr\/wp-json\/wp\/v2\/media\/21813"}],"wp:attachment":[{"href":"https:\/\/ceoparts.com\/fr\/wp-json\/wp\/v2\/media?parent=21810"}],"wp:term":[{"taxonomy":"product_brand","embeddable":true,"href":"https:\/\/ceoparts.com\/fr\/wp-json\/wp\/v2\/product_brand?post=21810"},{"taxonomy":"product_cat","embeddable":true,"href":"https:\/\/ceoparts.com\/fr\/wp-json\/wp\/v2\/product_cat?post=21810"},{"taxonomy":"product_tag","embeddable":true,"href":"https:\/\/ceoparts.com\/fr\/wp-json\/wp\/v2\/product_tag?post=21810"}],"curies":[{"name":"wp","href":"https:\/\/api.w.org\/{rel}","templated":true}]}}