{"id":21824,"date":"2026-04-24T10:19:23","date_gmt":"2026-04-24T07:19:23","guid":{"rendered":"https:\/\/ceoparts.com\/?post_type=product&#038;p=21824"},"modified":"2026-04-26T08:59:45","modified_gmt":"2026-04-26T05:59:45","slug":"hyster-kece-takimi-1467430","status":"publish","type":"product","link":"https:\/\/ceoparts.com\/fr\/urun\/hyster-kece-takimi-1467430\/","title":{"rendered":"HYSTER &#8211; Kit De Joints &#8211; 1467430"},"content":{"rendered":"<p>HYSTER &#8211; Kit De Joints &#8211; 1467430<\/p>","protected":false},"excerpt":{"rendered":"<p data-start=\"2439\" data-end=\"2630\">Le <strong data-start=\"2442\" data-end=\"2474\">kit de feutre Hyster 1467430<\/strong> est un ensemble de composants d\u2019\u00e9tanch\u00e9it\u00e9 utilis\u00e9 dans les chariots \u00e9l\u00e9vateurs pour prot\u00e9ger les syst\u00e8mes m\u00e9caniques contre la poussi\u00e8re et les impuret\u00e9s.<\/p>\n<p data-start=\"2632\" data-end=\"2865\"><strong data-start=\"2632\" data-end=\"2654\">Caract\u00e9ristiques :<\/strong><br data-start=\"2654\" data-end=\"2657\" \/>Nom du produit : Kit de feutre Hyster<br data-start=\"2694\" data-end=\"2697\" \/>R\u00e9f\u00e9rence : 1467430<br data-start=\"2716\" data-end=\"2719\" \/>Mat\u00e9riau : Feutre industriel<br data-start=\"2747\" data-end=\"2750\" \/>Application : Protection des syst\u00e8mes m\u00e9caniques<br data-start=\"2798\" data-end=\"2801\" \/>Avantage : Protection contre la poussi\u00e8re et longue dur\u00e9e de vie<\/p>\n","protected":false},"featured_media":21828,"template":"","meta":[],"product_brand":[],"product_cat":[470,520],"product_tag":[],"class_list":{"0":"post-21824","1":"product","2":"type-product","3":"status-publish","4":"has-post-thumbnail","6":"product_cat-diger-yedek-parcalar","7":"product_cat-yedek-parca-hyster","9":"first","10":"instock","11":"taxable","12":"shipping-taxable","13":"purchasable","14":"product-type-simple"},"_links":{"self":[{"href":"https:\/\/ceoparts.com\/fr\/wp-json\/wp\/v2\/product\/21824","targetHints":{"allow":["GET"]}}],"collection":[{"href":"https:\/\/ceoparts.com\/fr\/wp-json\/wp\/v2\/product"}],"about":[{"href":"https:\/\/ceoparts.com\/fr\/wp-json\/wp\/v2\/types\/product"}],"wp:featuredmedia":[{"embeddable":true,"href":"https:\/\/ceoparts.com\/fr\/wp-json\/wp\/v2\/media\/21828"}],"wp:attachment":[{"href":"https:\/\/ceoparts.com\/fr\/wp-json\/wp\/v2\/media?parent=21824"}],"wp:term":[{"taxonomy":"product_brand","embeddable":true,"href":"https:\/\/ceoparts.com\/fr\/wp-json\/wp\/v2\/product_brand?post=21824"},{"taxonomy":"product_cat","embeddable":true,"href":"https:\/\/ceoparts.com\/fr\/wp-json\/wp\/v2\/product_cat?post=21824"},{"taxonomy":"product_tag","embeddable":true,"href":"https:\/\/ceoparts.com\/fr\/wp-json\/wp\/v2\/product_tag?post=21824"}],"curies":[{"name":"wp","href":"https:\/\/api.w.org\/{rel}","templated":true}]}}