{"id":21829,"date":"2026-04-24T11:01:51","date_gmt":"2026-04-24T08:01:51","guid":{"rendered":"https:\/\/ceoparts.com\/?post_type=product&#038;p=21829"},"modified":"2026-04-26T07:12:41","modified_gmt":"2026-04-26T04:12:41","slug":"still-rx-joystick-56364305518","status":"publish","type":"product","link":"https:\/\/ceoparts.com\/fr\/urun\/still-rx-joystick-56364305518\/","title":{"rendered":"STILL &#8211; Rx Joystick &#8211; 56364305518"},"content":{"rendered":"<p>STILL &#8211; Rx Joystick &#8211; 56364305518<\/p>","protected":false},"excerpt":{"rendered":"<p data-start=\"2346\" data-end=\"2535\">Le <strong data-start=\"2349\" data-end=\"2382\">joystick STILL RX 56364305518<\/strong> est un composant de commande utilis\u00e9 dans les chariots \u00e9l\u00e9vateurs STILL pour contr\u00f4ler les fonctions hydrauliques telles que le levage et l\u2019inclinaison.<\/p>\n<p data-start=\"2537\" data-end=\"2780\"><strong data-start=\"2537\" data-end=\"2559\">Caract\u00e9ristiques :<\/strong><br data-start=\"2559\" data-end=\"2562\" \/>Nom du produit : Joystick STILL RX<br data-start=\"2596\" data-end=\"2599\" \/>R\u00e9f\u00e9rence : 56364305518<br data-start=\"2622\" data-end=\"2625\" \/>Type : Joystick de commande hydraulique<br data-start=\"2664\" data-end=\"2667\" \/>Application : Syst\u00e8me de commande des chariots \u00e9l\u00e9vateurs<br data-start=\"2724\" data-end=\"2727\" \/>Avantage : Contr\u00f4le pr\u00e9cis et utilisation ergonomique<\/p>\n","protected":false},"featured_media":21833,"template":"","meta":[],"product_brand":[],"product_cat":[471,524],"product_tag":[],"class_list":{"0":"post-21829","1":"product","2":"type-product","3":"status-publish","4":"has-post-thumbnail","6":"product_cat-joystick-pedal-yedek-parca","7":"product_cat-yedek-parca-still","9":"first","10":"instock","11":"taxable","12":"shipping-taxable","13":"purchasable","14":"product-type-simple"},"_links":{"self":[{"href":"https:\/\/ceoparts.com\/fr\/wp-json\/wp\/v2\/product\/21829","targetHints":{"allow":["GET"]}}],"collection":[{"href":"https:\/\/ceoparts.com\/fr\/wp-json\/wp\/v2\/product"}],"about":[{"href":"https:\/\/ceoparts.com\/fr\/wp-json\/wp\/v2\/types\/product"}],"wp:featuredmedia":[{"embeddable":true,"href":"https:\/\/ceoparts.com\/fr\/wp-json\/wp\/v2\/media\/21833"}],"wp:attachment":[{"href":"https:\/\/ceoparts.com\/fr\/wp-json\/wp\/v2\/media?parent=21829"}],"wp:term":[{"taxonomy":"product_brand","embeddable":true,"href":"https:\/\/ceoparts.com\/fr\/wp-json\/wp\/v2\/product_brand?post=21829"},{"taxonomy":"product_cat","embeddable":true,"href":"https:\/\/ceoparts.com\/fr\/wp-json\/wp\/v2\/product_cat?post=21829"},{"taxonomy":"product_tag","embeddable":true,"href":"https:\/\/ceoparts.com\/fr\/wp-json\/wp\/v2\/product_tag?post=21829"}],"curies":[{"name":"wp","href":"https:\/\/api.w.org\/{rel}","templated":true}]}}