{"id":21835,"date":"2026-04-24T11:08:06","date_gmt":"2026-04-24T08:08:06","guid":{"rendered":"https:\/\/ceoparts.com\/?post_type=product&#038;p=21835"},"modified":"2026-04-26T08:59:51","modified_gmt":"2026-04-26T05:59:51","slug":"nilfisk-temizlik-fircasi-56505794","status":"publish","type":"product","link":"https:\/\/ceoparts.com\/fr\/urun\/nilfisk-temizlik-fircasi-56505794\/","title":{"rendered":"NILFISK Brosse De Nettoyage &#8211; 56505794"},"content":{"rendered":"<p>NILFISK Brosse De Nettoyage &#8211; 56505794<\/p>","protected":false},"excerpt":{"rendered":"<p data-start=\"2345\" data-end=\"2501\">La <strong data-start=\"2348\" data-end=\"2388\">brosse de nettoyage Nilfisk 56505794<\/strong> est utilis\u00e9e dans les autolaveuses Nilfisk pour \u00e9liminer efficacement la salet\u00e9 et les r\u00e9sidus sur les surfaces.<\/p>\n<p data-start=\"2503\" data-end=\"2759\"><strong data-start=\"2503\" data-end=\"2525\">Caract\u00e9ristiques :<\/strong><br data-start=\"2525\" data-end=\"2528\" \/>Nom du produit : Brosse de nettoyage Nilfisk<br data-start=\"2572\" data-end=\"2575\" \/>R\u00e9f\u00e9rence : 56505794<br data-start=\"2595\" data-end=\"2598\" \/>Mat\u00e9riau : Fibres de brosse industrielles r\u00e9sistantes<br data-start=\"2651\" data-end=\"2654\" \/>Application : Machines de nettoyage de sol Nilfisk<br data-start=\"2704\" data-end=\"2707\" \/>Avantage : Nettoyage efficace et longue dur\u00e9e de vie<\/p>\n","protected":false},"featured_media":21838,"template":"","meta":[],"product_brand":[],"product_cat":[470],"product_tag":[],"class_list":{"0":"post-21835","1":"product","2":"type-product","3":"status-publish","4":"has-post-thumbnail","6":"product_cat-diger-yedek-parcalar","8":"first","9":"instock","10":"taxable","11":"shipping-taxable","12":"purchasable","13":"product-type-simple"},"_links":{"self":[{"href":"https:\/\/ceoparts.com\/fr\/wp-json\/wp\/v2\/product\/21835","targetHints":{"allow":["GET"]}}],"collection":[{"href":"https:\/\/ceoparts.com\/fr\/wp-json\/wp\/v2\/product"}],"about":[{"href":"https:\/\/ceoparts.com\/fr\/wp-json\/wp\/v2\/types\/product"}],"wp:featuredmedia":[{"embeddable":true,"href":"https:\/\/ceoparts.com\/fr\/wp-json\/wp\/v2\/media\/21838"}],"wp:attachment":[{"href":"https:\/\/ceoparts.com\/fr\/wp-json\/wp\/v2\/media?parent=21835"}],"wp:term":[{"taxonomy":"product_brand","embeddable":true,"href":"https:\/\/ceoparts.com\/fr\/wp-json\/wp\/v2\/product_brand?post=21835"},{"taxonomy":"product_cat","embeddable":true,"href":"https:\/\/ceoparts.com\/fr\/wp-json\/wp\/v2\/product_cat?post=21835"},{"taxonomy":"product_tag","embeddable":true,"href":"https:\/\/ceoparts.com\/fr\/wp-json\/wp\/v2\/product_tag?post=21835"}],"curies":[{"name":"wp","href":"https:\/\/api.w.org\/{rel}","templated":true}]}}