{"id":21844,"date":"2026-04-24T11:45:50","date_gmt":"2026-04-24T08:45:50","guid":{"rendered":"https:\/\/ceoparts.com\/?post_type=product&#038;p=21844"},"modified":"2026-04-26T12:17:03","modified_gmt":"2026-04-26T09:17:03","slug":"6209-sensorlu-rulman-bmb6209","status":"publish","type":"product","link":"https:\/\/ceoparts.com\/fr\/urun\/6209-sensorlu-rulman-bmb6209\/","title":{"rendered":"6209 Roulement Avec Capteur -BMB6209"},"content":{"rendered":"<p>6209 Roulement Avec Capteur -BMB6209<\/p>","protected":false},"excerpt":{"rendered":"<p data-start=\"2428\" data-end=\"2610\">Le <strong data-start=\"2431\" data-end=\"2460\">roulement capteur BMB6209<\/strong> est utilis\u00e9 dans les chariots \u00e9l\u00e9vateurs et \u00e9quipements industriels pour d\u00e9tecter la rotation et transmettre les informations au syst\u00e8me de contr\u00f4le.<\/p>\n<p data-start=\"2612\" data-end=\"2846\"><strong data-start=\"2612\" data-end=\"2634\">Caract\u00e9ristiques :<\/strong><br data-start=\"2634\" data-end=\"2637\" \/>Nom du produit : Roulement avec capteur 6209<br data-start=\"2681\" data-end=\"2684\" \/>R\u00e9f\u00e9rence : BMB6209<br data-start=\"2703\" data-end=\"2706\" \/>Type : Roulement avec capteur int\u00e9gr\u00e9<br data-start=\"2743\" data-end=\"2746\" \/>Application : D\u00e9tection de rotation et de vitesse<br data-start=\"2795\" data-end=\"2798\" \/>Avantage : Mesure pr\u00e9cise et longue dur\u00e9e de vie<\/p>\n","protected":false},"featured_media":21847,"template":"","meta":[],"product_brand":[],"product_cat":[469],"product_tag":[],"class_list":{"0":"post-21844","1":"product","2":"type-product","3":"status-publish","4":"has-post-thumbnail","6":"product_cat-elektrik-ve-sistem-parcalari","8":"first","9":"instock","10":"taxable","11":"shipping-taxable","12":"purchasable","13":"product-type-simple"},"_links":{"self":[{"href":"https:\/\/ceoparts.com\/fr\/wp-json\/wp\/v2\/product\/21844","targetHints":{"allow":["GET"]}}],"collection":[{"href":"https:\/\/ceoparts.com\/fr\/wp-json\/wp\/v2\/product"}],"about":[{"href":"https:\/\/ceoparts.com\/fr\/wp-json\/wp\/v2\/types\/product"}],"wp:featuredmedia":[{"embeddable":true,"href":"https:\/\/ceoparts.com\/fr\/wp-json\/wp\/v2\/media\/21847"}],"wp:attachment":[{"href":"https:\/\/ceoparts.com\/fr\/wp-json\/wp\/v2\/media?parent=21844"}],"wp:term":[{"taxonomy":"product_brand","embeddable":true,"href":"https:\/\/ceoparts.com\/fr\/wp-json\/wp\/v2\/product_brand?post=21844"},{"taxonomy":"product_cat","embeddable":true,"href":"https:\/\/ceoparts.com\/fr\/wp-json\/wp\/v2\/product_cat?post=21844"},{"taxonomy":"product_tag","embeddable":true,"href":"https:\/\/ceoparts.com\/fr\/wp-json\/wp\/v2\/product_tag?post=21844"}],"curies":[{"name":"wp","href":"https:\/\/api.w.org\/{rel}","templated":true}]}}