{"id":21854,"date":"2026-04-25T11:06:37","date_gmt":"2026-04-25T08:06:37","guid":{"rendered":"https:\/\/ceoparts.com\/?post_type=product&#038;p=21854"},"modified":"2026-04-26T15:58:50","modified_gmt":"2026-04-26T12:58:50","slug":"bt-lwe-wicke-denge-mekanizmasi-takim-254316-136135-7647304","status":"publish","type":"product","link":"https:\/\/ceoparts.com\/fr\/urun\/bt-lwe-wicke-denge-mekanizmasi-takim-254316-136135-7647304\/","title":{"rendered":"BT &#8211; LWE Wicke Ensemble Du M\u00e9canisme D&#8217;\u00e9quilibrage &#8211; 254316, 136135, 7647304"},"content":{"rendered":"<p>BT &#8211; LWE Wicke Ensemble Du M\u00e9canisme D&#8217;\u00e9quilibrage &#8211; 254316, 136135, 7647304<\/p>\n<p>BT &#8211; LWE Wicke Ensemble Du M\u00e9canisme D&#8217;\u00e9quilibrage &#8211; 254316, 136135, 7647304<\/p>\n<p><\/p>","protected":false},"excerpt":{"rendered":"<p data-start=\"3064\" data-end=\"3203\">Le <strong data-start=\"3067\" data-end=\"3107\">m\u00e9canisme d\u2019\u00e9quilibrage BT LWE Wicke<\/strong> est utilis\u00e9 dans les transpalettes \u00e9lectriques pour assurer un d\u00e9placement stable et \u00e9quilibr\u00e9.<\/p>\n<p data-start=\"3205\" data-end=\"3511\"><strong data-start=\"3205\" data-end=\"3227\">Caract\u00e9ristiques :<\/strong><br data-start=\"3227\" data-end=\"3230\" \/>Nom du produit : M\u00e9canisme d\u2019\u00e9quilibrage BT \/ LWE Wicke<br data-start=\"3285\" data-end=\"3288\" \/>R\u00e9f\u00e9rences : 254316, 136135, 7647304<br data-start=\"3324\" data-end=\"3327\" \/>Type : M\u00e9canisme de roue d\u2019\u00e9quilibrage<br data-start=\"3365\" data-end=\"3368\" \/>Mat\u00e9riau : Structure en acier avec roue en polyur\u00e9thane<br data-start=\"3423\" data-end=\"3426\" \/>Application : Transpalettes \u00e9lectriques<br data-start=\"3465\" data-end=\"3468\" \/>Avantage : Stabilit\u00e9 et longue dur\u00e9e de vie<\/p>\n","protected":false},"featured_media":21859,"template":"","meta":[],"product_brand":[],"product_cat":[420,424,532],"product_tag":[],"class_list":{"0":"post-21854","1":"product","2":"type-product","3":"status-publish","4":"has-post-thumbnail","6":"product_cat-denge-mekanizmalar","7":"product_cat-wicke-denge-mekanizma","8":"product_cat-mekanizmalar-wicke","10":"first","11":"instock","12":"taxable","13":"shipping-taxable","14":"purchasable","15":"product-type-simple"},"_links":{"self":[{"href":"https:\/\/ceoparts.com\/fr\/wp-json\/wp\/v2\/product\/21854","targetHints":{"allow":["GET"]}}],"collection":[{"href":"https:\/\/ceoparts.com\/fr\/wp-json\/wp\/v2\/product"}],"about":[{"href":"https:\/\/ceoparts.com\/fr\/wp-json\/wp\/v2\/types\/product"}],"wp:featuredmedia":[{"embeddable":true,"href":"https:\/\/ceoparts.com\/fr\/wp-json\/wp\/v2\/media\/21859"}],"wp:attachment":[{"href":"https:\/\/ceoparts.com\/fr\/wp-json\/wp\/v2\/media?parent=21854"}],"wp:term":[{"taxonomy":"product_brand","embeddable":true,"href":"https:\/\/ceoparts.com\/fr\/wp-json\/wp\/v2\/product_brand?post=21854"},{"taxonomy":"product_cat","embeddable":true,"href":"https:\/\/ceoparts.com\/fr\/wp-json\/wp\/v2\/product_cat?post=21854"},{"taxonomy":"product_tag","embeddable":true,"href":"https:\/\/ceoparts.com\/fr\/wp-json\/wp\/v2\/product_tag?post=21854"}],"curies":[{"name":"wp","href":"https:\/\/api.w.org\/{rel}","templated":true}]}}