{"id":21864,"date":"2026-04-25T11:26:53","date_gmt":"2026-04-25T08:26:53","guid":{"rendered":"https:\/\/ceoparts.com\/?post_type=product&#038;p=21864"},"modified":"2026-04-26T19:03:48","modified_gmt":"2026-04-26T16:03:48","slug":"frotek-aku-hucre-baglanti-kablosu-35x1500","status":"publish","type":"product","link":"https:\/\/ceoparts.com\/fr\/urun\/frotek-aku-hucre-baglanti-kablosu-35x1500\/","title":{"rendered":"Fr\u00f6tek C\u00e2ble De Connexion De Cellule De Batterie 35\u00d71500"},"content":{"rendered":"<p>Fr\u00f6tek C\u00e2ble De Connexion De Cellule De Batterie 35\u00d71500<\/p>","protected":false},"excerpt":{"rendered":"<p data-start=\"2681\" data-end=\"2857\">Le <strong data-start=\"2684\" data-end=\"2744\">c\u00e2ble de connexion de cellule de batterie Fr\u00f6tek 35\u00d71500<\/strong> est utilis\u00e9 pour assurer une connexion \u00e9lectrique fiable entre les cellules de batterie des chariots \u00e9l\u00e9vateurs.<\/p>\n<p data-start=\"2859\" data-end=\"3121\"><strong data-start=\"2859\" data-end=\"2881\">Caract\u00e9ristiques :<\/strong><br data-start=\"2881\" data-end=\"2884\" \/>Nom du produit : C\u00e2ble de connexion batterie Fr\u00f6tek<br data-start=\"2935\" data-end=\"2938\" \/>Taille : 35 \u00d7 1500 mm<br data-start=\"2959\" data-end=\"2962\" \/>Mat\u00e9riau : Conducteur en cuivre flexible avec isolation<br data-start=\"3017\" data-end=\"3020\" \/>Application : Syst\u00e8mes de batteries industrielles<br data-start=\"3069\" data-end=\"3072\" \/>Avantage : Haute conductivit\u00e9 et connexion fiable<\/p>\n","protected":false},"featured_media":21865,"template":"","meta":[],"product_brand":[],"product_cat":[446],"product_tag":[],"class_list":{"0":"post-21864","1":"product","2":"type-product","3":"status-publish","4":"has-post-thumbnail","6":"product_cat-aku-bar","8":"first","9":"instock","10":"taxable","11":"shipping-taxable","12":"purchasable","13":"product-type-simple"},"_links":{"self":[{"href":"https:\/\/ceoparts.com\/fr\/wp-json\/wp\/v2\/product\/21864","targetHints":{"allow":["GET"]}}],"collection":[{"href":"https:\/\/ceoparts.com\/fr\/wp-json\/wp\/v2\/product"}],"about":[{"href":"https:\/\/ceoparts.com\/fr\/wp-json\/wp\/v2\/types\/product"}],"wp:featuredmedia":[{"embeddable":true,"href":"https:\/\/ceoparts.com\/fr\/wp-json\/wp\/v2\/media\/21865"}],"wp:attachment":[{"href":"https:\/\/ceoparts.com\/fr\/wp-json\/wp\/v2\/media?parent=21864"}],"wp:term":[{"taxonomy":"product_brand","embeddable":true,"href":"https:\/\/ceoparts.com\/fr\/wp-json\/wp\/v2\/product_brand?post=21864"},{"taxonomy":"product_cat","embeddable":true,"href":"https:\/\/ceoparts.com\/fr\/wp-json\/wp\/v2\/product_cat?post=21864"},{"taxonomy":"product_tag","embeddable":true,"href":"https:\/\/ceoparts.com\/fr\/wp-json\/wp\/v2\/product_tag?post=21864"}],"curies":[{"name":"wp","href":"https:\/\/api.w.org\/{rel}","templated":true}]}}