{"id":21872,"date":"2026-04-25T12:29:25","date_gmt":"2026-04-25T09:29:25","guid":{"rendered":"https:\/\/ceoparts.com\/?post_type=product&#038;p=21872"},"modified":"2026-04-26T22:08:56","modified_gmt":"2026-04-26T19:08:56","slug":"bt-rre160-koruyucu-cam-finger-cover-224194","status":"publish","type":"product","link":"https:\/\/ceoparts.com\/fr\/urun\/bt-rre160-koruyucu-cam-finger-cover-224194\/","title":{"rendered":"BT &#8211; RRE160 Verre De Protection &#8211; Finger Cover &#8211; 224194"},"content":{"rendered":"<p>BT &#8211; RRE160 Verre De Protection &#8211; Finger Cover &#8211; 224194<\/p>","protected":false},"excerpt":{"rendered":"<p data-start=\"2671\" data-end=\"2823\">La <strong data-start=\"2674\" data-end=\"2722\">vitre de protection BT RRE160 (finger cover)<\/strong> est un composant de s\u00e9curit\u00e9 con\u00e7u pour prot\u00e9ger les mains de l\u2019op\u00e9rateur contre les pi\u00e8ces mobiles.<\/p>\n<p data-start=\"2825\" data-end=\"3085\"><strong data-start=\"2825\" data-end=\"2847\">Caract\u00e9ristiques :<\/strong><br data-start=\"2847\" data-end=\"2850\" \/>Nom du produit : Vitre de protection BT RRE160<br data-start=\"2896\" data-end=\"2899\" \/>R\u00e9f\u00e9rence : 224194<br data-start=\"2917\" data-end=\"2920\" \/>Mat\u00e9riau : Plastique transparent r\u00e9sistant<br data-start=\"2962\" data-end=\"2965\" \/>Application : Syst\u00e8me de s\u00e9curit\u00e9 pour chariot r\u00e9tractable<br data-start=\"3023\" data-end=\"3026\" \/>Avantage : Protection de l\u2019op\u00e9rateur et longue dur\u00e9e de vie<\/p>\n","protected":false},"featured_media":21875,"template":"","meta":[],"product_brand":[],"product_cat":[470,518],"product_tag":[],"class_list":{"0":"post-21872","1":"product","2":"type-product","3":"status-publish","4":"has-post-thumbnail","6":"product_cat-diger-yedek-parcalar","7":"product_cat-yedek-parca-bt","9":"first","10":"instock","11":"taxable","12":"shipping-taxable","13":"purchasable","14":"product-type-simple"},"_links":{"self":[{"href":"https:\/\/ceoparts.com\/fr\/wp-json\/wp\/v2\/product\/21872","targetHints":{"allow":["GET"]}}],"collection":[{"href":"https:\/\/ceoparts.com\/fr\/wp-json\/wp\/v2\/product"}],"about":[{"href":"https:\/\/ceoparts.com\/fr\/wp-json\/wp\/v2\/types\/product"}],"wp:featuredmedia":[{"embeddable":true,"href":"https:\/\/ceoparts.com\/fr\/wp-json\/wp\/v2\/media\/21875"}],"wp:attachment":[{"href":"https:\/\/ceoparts.com\/fr\/wp-json\/wp\/v2\/media?parent=21872"}],"wp:term":[{"taxonomy":"product_brand","embeddable":true,"href":"https:\/\/ceoparts.com\/fr\/wp-json\/wp\/v2\/product_brand?post=21872"},{"taxonomy":"product_cat","embeddable":true,"href":"https:\/\/ceoparts.com\/fr\/wp-json\/wp\/v2\/product_cat?post=21872"},{"taxonomy":"product_tag","embeddable":true,"href":"https:\/\/ceoparts.com\/fr\/wp-json\/wp\/v2\/product_tag?post=21872"}],"curies":[{"name":"wp","href":"https:\/\/api.w.org\/{rel}","templated":true}]}}