{"id":21876,"date":"2026-04-25T12:52:29","date_gmt":"2026-04-25T09:52:29","guid":{"rendered":"https:\/\/ceoparts.com\/?post_type=product&#038;p=21876"},"modified":"2026-04-26T23:44:14","modified_gmt":"2026-04-26T20:44:14","slug":"h1-dwa-far-ampulu-12v-55w","status":"publish","type":"product","link":"https:\/\/ceoparts.com\/fr\/urun\/h1-dwa-far-ampulu-12v-55w\/","title":{"rendered":"H1 Dwa Ampoule De Phare 12V \/ 55W"},"content":{"rendered":"<p>H1 Dwa Ampoule De Phare 12V \/ 55W<\/p>","protected":false},"excerpt":{"rendered":"<p data-start=\"2157\" data-end=\"2291\">L\u2019<strong data-start=\"2159\" data-end=\"2187\">ampoule H1 Dwa 12V \/ 55W<\/strong> est utilis\u00e9e dans les chariots \u00e9l\u00e9vateurs et machines industrielles pour fournir un \u00e9clairage puissant.<\/p>\n<p data-start=\"2293\" data-end=\"2512\"><strong data-start=\"2293\" data-end=\"2315\">Caract\u00e9ristiques :<\/strong><br data-start=\"2315\" data-end=\"2318\" \/>Nom du produit : Ampoule de phare H1 Dwa<br data-start=\"2358\" data-end=\"2361\" \/>Tension : 12V<br data-start=\"2374\" data-end=\"2377\" \/>Puissance : 55W<br data-start=\"2392\" data-end=\"2395\" \/>Type : Ampoule halog\u00e8ne H1<br data-start=\"2421\" data-end=\"2424\" \/>Application : Syst\u00e8mes d\u2019\u00e9clairage industriels<br data-start=\"2470\" data-end=\"2473\" \/>Avantage : \u00c9clairage puissant et fiable<\/p>\n","protected":false},"featured_media":21878,"template":"","meta":[],"product_brand":[],"product_cat":[470,463],"product_tag":[],"class_list":{"0":"post-21876","1":"product","2":"type-product","3":"status-publish","4":"has-post-thumbnail","6":"product_cat-diger-yedek-parcalar","7":"product_cat-aydinlatma-grubu","9":"first","10":"instock","11":"taxable","12":"shipping-taxable","13":"purchasable","14":"product-type-simple"},"_links":{"self":[{"href":"https:\/\/ceoparts.com\/fr\/wp-json\/wp\/v2\/product\/21876","targetHints":{"allow":["GET"]}}],"collection":[{"href":"https:\/\/ceoparts.com\/fr\/wp-json\/wp\/v2\/product"}],"about":[{"href":"https:\/\/ceoparts.com\/fr\/wp-json\/wp\/v2\/types\/product"}],"wp:featuredmedia":[{"embeddable":true,"href":"https:\/\/ceoparts.com\/fr\/wp-json\/wp\/v2\/media\/21878"}],"wp:attachment":[{"href":"https:\/\/ceoparts.com\/fr\/wp-json\/wp\/v2\/media?parent=21876"}],"wp:term":[{"taxonomy":"product_brand","embeddable":true,"href":"https:\/\/ceoparts.com\/fr\/wp-json\/wp\/v2\/product_brand?post=21876"},{"taxonomy":"product_cat","embeddable":true,"href":"https:\/\/ceoparts.com\/fr\/wp-json\/wp\/v2\/product_cat?post=21876"},{"taxonomy":"product_tag","embeddable":true,"href":"https:\/\/ceoparts.com\/fr\/wp-json\/wp\/v2\/product_tag?post=21876"}],"curies":[{"name":"wp","href":"https:\/\/api.w.org\/{rel}","templated":true}]}}