{"id":21882,"date":"2026-04-25T12:56:31","date_gmt":"2026-04-25T09:56:31","guid":{"rendered":"https:\/\/ceoparts.com\/?post_type=product&#038;p=21882"},"modified":"2026-04-27T01:19:15","modified_gmt":"2026-04-26T22:19:15","slug":"h1-halogen-far-ampulu-24v-70w","status":"publish","type":"product","link":"https:\/\/ceoparts.com\/fr\/urun\/h1-halogen-far-ampulu-24v-70w\/","title":{"rendered":"H1 Ampoule Halog\u00e8ne De Phare 24V \/ 70W"},"content":{"rendered":"<p>H1 Ampoule Halog\u00e8ne De Phare 24V \/ 70W<\/p>","protected":false},"excerpt":{"rendered":"<p data-start=\"2232\" data-end=\"2371\">L\u2019<strong data-start=\"2234\" data-end=\"2267\">ampoule halog\u00e8ne H1 24V \/ 70W<\/strong> est utilis\u00e9e dans les chariots \u00e9l\u00e9vateurs et machines industrielles pour fournir un \u00e9clairage puissant.<\/p>\n<p data-start=\"2373\" data-end=\"2588\"><strong data-start=\"2373\" data-end=\"2395\">Caract\u00e9ristiques :<\/strong><br data-start=\"2395\" data-end=\"2398\" \/>Nom du produit : Ampoule halog\u00e8ne H1<br data-start=\"2434\" data-end=\"2437\" \/>Tension : 24V<br data-start=\"2450\" data-end=\"2453\" \/>Puissance : 70W<br data-start=\"2468\" data-end=\"2471\" \/>Type : Ampoule halog\u00e8ne H1<br data-start=\"2497\" data-end=\"2500\" \/>Application : Syst\u00e8mes d\u2019\u00e9clairage industriels<br data-start=\"2546\" data-end=\"2549\" \/>Avantage : \u00c9clairage puissant et fiable<\/p>\n","protected":false},"featured_media":21878,"template":"","meta":[],"product_brand":[],"product_cat":[470,463],"product_tag":[],"class_list":{"0":"post-21882","1":"product","2":"type-product","3":"status-publish","4":"has-post-thumbnail","6":"product_cat-diger-yedek-parcalar","7":"product_cat-aydinlatma-grubu","9":"first","10":"instock","11":"taxable","12":"shipping-taxable","13":"purchasable","14":"product-type-simple"},"_links":{"self":[{"href":"https:\/\/ceoparts.com\/fr\/wp-json\/wp\/v2\/product\/21882","targetHints":{"allow":["GET"]}}],"collection":[{"href":"https:\/\/ceoparts.com\/fr\/wp-json\/wp\/v2\/product"}],"about":[{"href":"https:\/\/ceoparts.com\/fr\/wp-json\/wp\/v2\/types\/product"}],"wp:featuredmedia":[{"embeddable":true,"href":"https:\/\/ceoparts.com\/fr\/wp-json\/wp\/v2\/media\/21878"}],"wp:attachment":[{"href":"https:\/\/ceoparts.com\/fr\/wp-json\/wp\/v2\/media?parent=21882"}],"wp:term":[{"taxonomy":"product_brand","embeddable":true,"href":"https:\/\/ceoparts.com\/fr\/wp-json\/wp\/v2\/product_brand?post=21882"},{"taxonomy":"product_cat","embeddable":true,"href":"https:\/\/ceoparts.com\/fr\/wp-json\/wp\/v2\/product_cat?post=21882"},{"taxonomy":"product_tag","embeddable":true,"href":"https:\/\/ceoparts.com\/fr\/wp-json\/wp\/v2\/product_tag?post=21882"}],"curies":[{"name":"wp","href":"https:\/\/api.w.org\/{rel}","templated":true}]}}