{"id":21890,"date":"2026-04-28T13:53:24","date_gmt":"2026-04-28T10:53:24","guid":{"rendered":"https:\/\/ceoparts.com\/?post_type=product&#038;p=21890"},"modified":"2026-05-02T05:35:33","modified_gmt":"2026-05-02T02:35:33","slug":"linde-rt-koltuk-minderi-11204338015","status":"publish","type":"product","link":"https:\/\/ceoparts.com\/fr\/urun\/linde-rt-koltuk-minderi-11204338015\/","title":{"rendered":"LINDE &#8211; RT Coussin De Si\u00e8ge &#8211; 11204338015"},"content":{"rendered":"<p>LINDE &#8211; RT Coussin De Si\u00e8ge &#8211; 11204338015<\/p>\n<p>LINDE &#8211; RT Coussin De Si\u00e8ge &#8211; 11204338015<\/p>\n<p><\/p>","protected":false},"excerpt":{"rendered":"<p data-start=\"2327\" data-end=\"2486\">Le <strong data-start=\"2330\" data-end=\"2371\">coussin de si\u00e8ge Linde RT 11204338015<\/strong> est utilis\u00e9 dans les si\u00e8ges op\u00e9rateur des chariots \u00e9l\u00e9vateurs pour am\u00e9liorer le confort et r\u00e9duire les vibrations.<\/p>\n<p data-start=\"2488\" data-end=\"2747\"><strong data-start=\"2488\" data-end=\"2510\">Caract\u00e9ristiques :<\/strong><br data-start=\"2510\" data-end=\"2513\" \/>Nom du produit : Coussin de si\u00e8ge Linde RT<br data-start=\"2555\" data-end=\"2558\" \/>R\u00e9f\u00e9rence : 11204338015<br data-start=\"2581\" data-end=\"2584\" \/>Mat\u00e9riau : Mousse industrielle avec rev\u00eatement r\u00e9sistant<br data-start=\"2640\" data-end=\"2643\" \/>Application : Si\u00e8ges de chariots \u00e9l\u00e9vateurs<br data-start=\"2686\" data-end=\"2689\" \/>Avantage : Confort ergonomique et r\u00e9duction des vibrations<\/p>\n","protected":false},"featured_media":21893,"template":"","meta":[],"product_brand":[],"product_cat":[468],"product_tag":[],"class_list":{"0":"post-21890","1":"product","2":"type-product","3":"status-publish","4":"has-post-thumbnail","6":"product_cat-operator-koltuklari","8":"first","9":"instock","10":"taxable","11":"shipping-taxable","12":"purchasable","13":"product-type-simple"},"_links":{"self":[{"href":"https:\/\/ceoparts.com\/fr\/wp-json\/wp\/v2\/product\/21890","targetHints":{"allow":["GET"]}}],"collection":[{"href":"https:\/\/ceoparts.com\/fr\/wp-json\/wp\/v2\/product"}],"about":[{"href":"https:\/\/ceoparts.com\/fr\/wp-json\/wp\/v2\/types\/product"}],"wp:featuredmedia":[{"embeddable":true,"href":"https:\/\/ceoparts.com\/fr\/wp-json\/wp\/v2\/media\/21893"}],"wp:attachment":[{"href":"https:\/\/ceoparts.com\/fr\/wp-json\/wp\/v2\/media?parent=21890"}],"wp:term":[{"taxonomy":"product_brand","embeddable":true,"href":"https:\/\/ceoparts.com\/fr\/wp-json\/wp\/v2\/product_brand?post=21890"},{"taxonomy":"product_cat","embeddable":true,"href":"https:\/\/ceoparts.com\/fr\/wp-json\/wp\/v2\/product_cat?post=21890"},{"taxonomy":"product_tag","embeddable":true,"href":"https:\/\/ceoparts.com\/fr\/wp-json\/wp\/v2\/product_tag?post=21890"}],"curies":[{"name":"wp","href":"https:\/\/api.w.org\/{rel}","templated":true}]}}