{"id":21901,"date":"2026-04-28T14:18:40","date_gmt":"2026-04-28T11:18:40","guid":{"rendered":"https:\/\/ceoparts.com\/?post_type=product&#038;p=21901"},"modified":"2026-05-02T06:07:34","modified_gmt":"2026-05-02T03:07:34","slug":"still-encoder-8409923","status":"publish","type":"product","link":"https:\/\/ceoparts.com\/fr\/urun\/still-encoder-8409923\/","title":{"rendered":"STILL Encodeur &#8211; 8409923"},"content":{"rendered":"<p>STILL Encodeur &#8211; 8409923<\/p>","protected":false},"excerpt":{"rendered":"<p data-start=\"2176\" data-end=\"2308\">L\u2019<strong data-start=\"2178\" data-end=\"2204\">encodeur STILL 8409923<\/strong> est un capteur utilis\u00e9 pour mesurer la vitesse de rotation et la position dans les chariots \u00e9l\u00e9vateurs.<\/p>\n<p data-start=\"2310\" data-end=\"2530\"><strong data-start=\"2310\" data-end=\"2332\">Caract\u00e9ristiques :<\/strong><br data-start=\"2332\" data-end=\"2335\" \/>Nom du produit : Encodeur STILL<br data-start=\"2366\" data-end=\"2369\" \/>R\u00e9f\u00e9rence : 8409923<br data-start=\"2388\" data-end=\"2391\" \/>Type : Capteur de vitesse \/ position<br data-start=\"2427\" data-end=\"2430\" \/>Application : Syst\u00e8mes de contr\u00f4le des machines<br data-start=\"2477\" data-end=\"2480\" \/>Avantage : Mesure pr\u00e9cise et fonctionnement fiable<\/p>\n","protected":false},"featured_media":21903,"template":"","meta":[],"product_brand":[],"product_cat":[469,470,524],"product_tag":[],"class_list":{"0":"post-21901","1":"product","2":"type-product","3":"status-publish","4":"has-post-thumbnail","6":"product_cat-elektrik-ve-sistem-parcalari","7":"product_cat-diger-yedek-parcalar","8":"product_cat-yedek-parca-still","10":"first","11":"instock","12":"taxable","13":"shipping-taxable","14":"purchasable","15":"product-type-simple"},"_links":{"self":[{"href":"https:\/\/ceoparts.com\/fr\/wp-json\/wp\/v2\/product\/21901","targetHints":{"allow":["GET"]}}],"collection":[{"href":"https:\/\/ceoparts.com\/fr\/wp-json\/wp\/v2\/product"}],"about":[{"href":"https:\/\/ceoparts.com\/fr\/wp-json\/wp\/v2\/types\/product"}],"wp:featuredmedia":[{"embeddable":true,"href":"https:\/\/ceoparts.com\/fr\/wp-json\/wp\/v2\/media\/21903"}],"wp:attachment":[{"href":"https:\/\/ceoparts.com\/fr\/wp-json\/wp\/v2\/media?parent=21901"}],"wp:term":[{"taxonomy":"product_brand","embeddable":true,"href":"https:\/\/ceoparts.com\/fr\/wp-json\/wp\/v2\/product_brand?post=21901"},{"taxonomy":"product_cat","embeddable":true,"href":"https:\/\/ceoparts.com\/fr\/wp-json\/wp\/v2\/product_cat?post=21901"},{"taxonomy":"product_tag","embeddable":true,"href":"https:\/\/ceoparts.com\/fr\/wp-json\/wp\/v2\/product_tag?post=21901"}],"curies":[{"name":"wp","href":"https:\/\/api.w.org\/{rel}","templated":true}]}}