{"id":21905,"date":"2026-04-28T14:28:07","date_gmt":"2026-04-28T11:28:07","guid":{"rendered":"https:\/\/ceoparts.com\/?post_type=product&#038;p=21905"},"modified":"2026-05-02T06:27:19","modified_gmt":"2026-05-02T03:27:19","slug":"linde-r16-destek-baglanti-parcasi-15014410903","status":"publish","type":"product","link":"https:\/\/ceoparts.com\/fr\/urun\/linde-r16-destek-baglanti-parcasi-15014410903\/","title":{"rendered":"LINDE R16 Pi\u00e8ce De Connexion De Support &#8211; 15014410903"},"content":{"rendered":"<p>LINDE R16 Pi\u00e8ce De Connexion De Support &#8211; 15014410903<\/p>","protected":false},"excerpt":{"rendered":"<p data-start=\"2491\" data-end=\"2663\">La <strong data-start=\"2494\" data-end=\"2549\">pi\u00e8ce de connexion de support Linde R16 15014410903<\/strong> est un \u00e9l\u00e9ment m\u00e9canique utilis\u00e9 dans les chariots r\u00e9tractables pour assurer une connexion stable des composants.<\/p>\n<p data-start=\"2665\" data-end=\"2926\"><strong data-start=\"2665\" data-end=\"2687\">Caract\u00e9ristiques :<\/strong><br data-start=\"2687\" data-end=\"2690\" \/>Nom du produit : Pi\u00e8ce de connexion de support Linde R16<br data-start=\"2746\" data-end=\"2749\" \/>R\u00e9f\u00e9rence : 15014410903<br data-start=\"2772\" data-end=\"2775\" \/>Mat\u00e9riau : Structure m\u00e9tallique r\u00e9sistante<br data-start=\"2817\" data-end=\"2820\" \/>Application : Connexion m\u00e9canique pour chariots r\u00e9tractables<br data-start=\"2880\" data-end=\"2883\" \/>Avantage : Stabilit\u00e9 et longue dur\u00e9e de vie<\/p>\n","protected":false},"featured_media":21907,"template":"","meta":[],"product_brand":[],"product_cat":[470,523],"product_tag":[],"class_list":{"0":"post-21905","1":"product","2":"type-product","3":"status-publish","4":"has-post-thumbnail","6":"product_cat-diger-yedek-parcalar","7":"product_cat-yedek-parca-linde","9":"first","10":"instock","11":"taxable","12":"shipping-taxable","13":"purchasable","14":"product-type-simple"},"_links":{"self":[{"href":"https:\/\/ceoparts.com\/fr\/wp-json\/wp\/v2\/product\/21905","targetHints":{"allow":["GET"]}}],"collection":[{"href":"https:\/\/ceoparts.com\/fr\/wp-json\/wp\/v2\/product"}],"about":[{"href":"https:\/\/ceoparts.com\/fr\/wp-json\/wp\/v2\/types\/product"}],"wp:featuredmedia":[{"embeddable":true,"href":"https:\/\/ceoparts.com\/fr\/wp-json\/wp\/v2\/media\/21907"}],"wp:attachment":[{"href":"https:\/\/ceoparts.com\/fr\/wp-json\/wp\/v2\/media?parent=21905"}],"wp:term":[{"taxonomy":"product_brand","embeddable":true,"href":"https:\/\/ceoparts.com\/fr\/wp-json\/wp\/v2\/product_brand?post=21905"},{"taxonomy":"product_cat","embeddable":true,"href":"https:\/\/ceoparts.com\/fr\/wp-json\/wp\/v2\/product_cat?post=21905"},{"taxonomy":"product_tag","embeddable":true,"href":"https:\/\/ceoparts.com\/fr\/wp-json\/wp\/v2\/product_tag?post=21905"}],"curies":[{"name":"wp","href":"https:\/\/api.w.org\/{rel}","templated":true}]}}