{"id":21914,"date":"2026-04-28T14:42:03","date_gmt":"2026-04-28T11:42:03","guid":{"rendered":"https:\/\/ceoparts.com\/?post_type=product&#038;p=21914"},"modified":"2026-05-02T06:30:59","modified_gmt":"2026-05-02T03:30:59","slug":"linde-r16-sensor-7917415190","status":"publish","type":"product","link":"https:\/\/ceoparts.com\/fr\/urun\/linde-r16-sensor-7917415190\/","title":{"rendered":"LINDE R16 Capteur &#8211; 7917415190"},"content":{"rendered":"<p>LINDE R16 Capteur &#8211; 7917415190<\/p>","protected":false},"excerpt":{"rendered":"<p data-start=\"2400\" data-end=\"2558\">Le <strong data-start=\"2403\" data-end=\"2435\">capteur Linde R16 7917415190<\/strong> est un composant \u00e9lectronique utilis\u00e9 dans les chariots \u00e9l\u00e9vateurs pour d\u00e9tecter les mouvements ou la position du syst\u00e8me.<\/p>\n<p data-start=\"2560\" data-end=\"2791\"><strong data-start=\"2560\" data-end=\"2582\">Caract\u00e9ristiques :<\/strong><br data-start=\"2582\" data-end=\"2585\" \/>Nom du produit : Capteur Linde R16<br data-start=\"2619\" data-end=\"2622\" \/>R\u00e9f\u00e9rence : 7917415190<br data-start=\"2644\" data-end=\"2647\" \/>Type : Capteur \u00e9lectronique<br data-start=\"2674\" data-end=\"2677\" \/>Application : Syst\u00e8mes de contr\u00f4le des chariots \u00e9l\u00e9vateurs<br data-start=\"2735\" data-end=\"2738\" \/>Avantage : D\u00e9tection pr\u00e9cise et fonctionnement fiable<\/p>\n<p data-start=\"2793\" data-end=\"2834\"><strong data-start=\"2793\" data-end=\"2818\">Mod\u00e8les compatibles :<\/strong><\/p>\n","protected":false},"featured_media":21917,"template":"","meta":[],"product_brand":[],"product_cat":[469,523],"product_tag":[],"class_list":{"0":"post-21914","1":"product","2":"type-product","3":"status-publish","4":"has-post-thumbnail","6":"product_cat-elektrik-ve-sistem-parcalari","7":"product_cat-yedek-parca-linde","9":"first","10":"instock","11":"taxable","12":"shipping-taxable","13":"purchasable","14":"product-type-simple"},"_links":{"self":[{"href":"https:\/\/ceoparts.com\/fr\/wp-json\/wp\/v2\/product\/21914","targetHints":{"allow":["GET"]}}],"collection":[{"href":"https:\/\/ceoparts.com\/fr\/wp-json\/wp\/v2\/product"}],"about":[{"href":"https:\/\/ceoparts.com\/fr\/wp-json\/wp\/v2\/types\/product"}],"wp:featuredmedia":[{"embeddable":true,"href":"https:\/\/ceoparts.com\/fr\/wp-json\/wp\/v2\/media\/21917"}],"wp:attachment":[{"href":"https:\/\/ceoparts.com\/fr\/wp-json\/wp\/v2\/media?parent=21914"}],"wp:term":[{"taxonomy":"product_brand","embeddable":true,"href":"https:\/\/ceoparts.com\/fr\/wp-json\/wp\/v2\/product_brand?post=21914"},{"taxonomy":"product_cat","embeddable":true,"href":"https:\/\/ceoparts.com\/fr\/wp-json\/wp\/v2\/product_cat?post=21914"},{"taxonomy":"product_tag","embeddable":true,"href":"https:\/\/ceoparts.com\/fr\/wp-json\/wp\/v2\/product_tag?post=21914"}],"curies":[{"name":"wp","href":"https:\/\/api.w.org\/{rel}","templated":true}]}}